{"id":3,"date":"2023-07-24T15:09:56","date_gmt":"2023-07-24T15:09:56","guid":{"rendered":"http:\/\/hammasvahti.fi\/?page_id=3"},"modified":"2024-09-25T14:40:42","modified_gmt":"2024-09-25T14:40:42","slug":"tietosuojaseloste","status":"publish","type":"page","link":"https:\/\/hammasvahti.fi\/fi\/tietosuojaseloste\/","title":{"rendered":"Asiakasrekisteri &#8211; tietosuojaseloste"},"content":{"rendered":"\n<p><br>T\u00e4m\u00e4 on Hammasvahti Oy:n EU:n yleisen tietosuoja-asetuksen (GDPR) mukainen<br>rekisteri- ja tietosuojaseloste. Laadittu 30.10.2023. Viimeisin muutos 25.9.2024.<\/p>\n\n\n\n<h2 class=\"wp-block-heading\">1. Rekisterinpit\u00e4j\u00e4<\/h2>\n\n\n\n<p><br>Hammasvahti Oy, Isokatu 32, 90100 Oulu<\/p>\n\n\n\n<p>Puhelin: 010 7399 111 (vastaanoton numero)<\/p>\n\n\n\n<h2 class=\"wp-block-heading\">2. Yhteystiedot<\/h2>\n\n\n\n<p><br>Tietosuojavastaava Henna Saarenp\u00e4\u00e4<br>tietosuojavastaava@hammasvahti.fi<\/p>\n\n\n\n<p>Voit halutessasi j\u00e4tt\u00e4\u00e4 yhteydenottopyynn\u00f6n vastaanoton puhelinnumeroon 010 73 99 111.<\/p>\n\n\n\n<h2 class=\"wp-block-heading\">3. Rekisterin nimi<\/h2>\n\n\n\n<p><br>Hammasvahti Oy:n Asiakasrekisteri<\/p>\n\n\n\n<h2 class=\"wp-block-heading\">4. Oikeusperuste ja henkil\u00f6tietojen k\u00e4sittelyn tarkoitus<\/h2>\n\n\n\n<p><br>EU:n yleisen tietosuoja-asetuksen mukainen oikeusperuste henkil\u00f6tietojen k\u00e4sittelylle on<br>asiakassuhde, asiakkaan suostumus, asiakkaan antama toimeksianto tai muu asiallinen<br>yhteys.<br>Henkil\u00f6tietojen k\u00e4sittelyn tarkoitus voi olla yhteydenpito asiakkaisiin, asiakassuhteen<br>yll\u00e4pito, suun terveydenhoidon j\u00e4rjest\u00e4minen, seuraaminen tai suunnitteleminen ja<br>suoramarkkinointi erillisell\u00e4 asiakkaan suostumuksella.<br>Tietoja ei k\u00e4ytet\u00e4 automatisoituun p\u00e4\u00e4t\u00f6ksentekoon tai profilointiin.<\/p>\n\n\n\n<h2 class=\"wp-block-heading\">5. Rekisterin tietosis\u00e4lt\u00f6<\/h2>\n\n\n\n<p><br>Rekisteriin tallennettavia tietoja voivat olla:<br>\u25cf Nimi, kutsumanimi, henkil\u00f6tunnus, asiakasnumero, sukupuoli, kieli, osoite,<br>puhelinnumero, s\u00e4hk\u00f6postiosoite ja muut tarpeelliset yhteystiedot.<br>\u25cf L\u00e4hiomainen, huoltaja, huollettava<br>\u25cf Palvelujen k\u00e4ytt\u00f6- ja ostotiedot, sek\u00e4 markkinoinnin ja viestinn\u00e4n toteutustiedot eri<br>asiointikanavissa.<br>\u25cf Rekister\u00f6idyn itse tuottama sis\u00e4lt\u00f6 kuten asiakaspalaute sek\u00e4 h\u00e4nen itsest\u00e4\u00e4n<br>antamat lis\u00e4tiedot kuten asiakkuuteen liittyv\u00e4t toiveet, tyytyv\u00e4isyystiedot, tai muut<br>vastaavat tiedot.<br>\u25cf Rekister\u00f6ity\u00e4 mahdollisesti koskevaa vakuutusta, ty\u00f6terveyspalveluita ja -sopimusta,<br>urheiluseuraa ja vastaavia seikkoja koskevia tietoja.<br>\u25cf Rekister\u00f6idyn toivomia ja k\u00e4ytt\u00e4mi\u00e4 palveluita maksutietoineen.<br>\u25cf Tietoa henkil\u00f6ist\u00e4, jotka ovat hoitaneet rekister\u00f6ity\u00e4. Ammattihenkil\u00f6it\u00e4, palveluita,<br>toimintayksik\u00f6it\u00e4 ja muita seikkoja koskevia muita toivomuksia tai muistiinpanoja.<br>\u25cf Kieltoja, rajoituksia, suostumuksia ja muita valintoja.<br>\u25cf Muita asiakkuuteen liittyvi\u00e4 tietoja, kuten esimerkiksi asiakkaaseen yhdistett\u00e4viss\u00e4<br>oleva verkkosivujen k\u00e4yt\u00f6st\u00e4 ker\u00e4tt\u00e4v\u00e4 tieto, kuten esimerkiksi k\u00e4ytt\u00e4j\u00e4n IP-osoite,<br>k\u00e4ynnin kellonaika, vieraillut sivut, k\u00e4ytetty selain, verkko-osoite, josta k\u00e4ytt\u00e4j\u00e4 on<br>tullut verkkosivulle sek\u00e4 palvelin, jolta k\u00e4ytt\u00e4j\u00e4 on tullut verkkosivulle.<br>\u25cf Tunnistamis- ja varmentamisv\u00e4lineiden ja -palveluiden k\u00e4ytt\u00f6\u00f6n liittyvi\u00e4 tarpeellisia<br>tietoja.<br>\u25cf Tiedon k\u00e4sittelyyn liittyvi\u00e4 tietoja, kuten tallennusp\u00e4iv\u00e4m\u00e4\u00e4r\u00e4 ja tietol\u00e4hde.<br>Verkkosivuston vierailijoiden IP-osoitteita ja palvelun toiminnoille v\u00e4ltt\u00e4m\u00e4tt\u00f6mi\u00e4 ev\u00e4steit\u00e4<br>k\u00e4sitell\u00e4\u00e4n oikeutetun edun perusteella mm. tietoturvasta huolehtimiseksi ja sivuston<br>vierailijoiden tilastotietojen keruuta varten niiss\u00e4 tapauksissa, kun niiden voidaan katsoa<br>olevan henkil\u00f6tietoja. Kolmansien osapuolten ev\u00e4steille pyydet\u00e4\u00e4n tarvittaessa suostumus<br>erikseen.<br>Rekisterin tietoja s\u00e4ilytet\u00e4\u00e4n niin kauan kuin ne ovat tarpeellisia tarkoituksensa<br>toteuttamiseksi tai yrityksen lakis\u00e4\u00e4teisten velvoitteiden noudattamiseksi.<\/p>\n\n\n\n<h2 class=\"wp-block-heading\">6. S\u00e4\u00e4nn\u00f6nmukaiset tietol\u00e4hteet<\/h2>\n\n\n\n<p><br>Rekisteriin tallennettavat tiedot saadaan asiakkaalta mm. nettisivujen ja nettisivujen<br>k\u00e4yt\u00f6n kautta, www-lomakkeilla l\u00e4hetetyist\u00e4 viesteist\u00e4, s\u00e4hk\u00f6postitse, puhelimitse,<br>sosiaalisen median palvelujen kautta, sopimuksista, asiakastapaamisista ja muista<br>tilanteista, joissa asiakas luovuttaa tietojaan. Rekisteriin voidaan lis\u00e4t\u00e4 my\u00f6s esimerkiksi<br>vakuutusyhti\u00f6iden tai urheiluseurojen tai muiden Hammasvahdin yhteisty\u00f6kumppaneiden<br>toimittamia tietoja.<br>Yritysten ja muiden organisaatioiden yhteyshenkil\u00f6iden tietoja voidaan ker\u00e4t\u00e4 my\u00f6s<br>julkisista l\u00e4hteist\u00e4 kuten verkkosivuilta, hakemistopalveluista ja muilta yrityksilt\u00e4.<\/p>\n\n\n\n<h2 class=\"wp-block-heading\">7. Tietojen s\u00e4\u00e4nn\u00f6nmukaiset luovutukset ja tietojen siirto EU:n tai<br>ETA:n ulkopuolelle<\/h2>\n\n\n\n<p><br>Hammasvahti Oy:n tiloissa voi toimia itsen\u00e4isi\u00e4 suun terveydenhuollon<br>ammatinharjoittajia, yrityksen\u00e4 toimivia hammasl\u00e4\u00e4k\u00e4reit\u00e4 sek\u00e4 ty\u00f6suhteisia<br>hammasl\u00e4\u00e4k\u00e4reit\u00e4 ja hoitohenkil\u00f6st\u00f6\u00e4. Asiakkaan henkil\u00f6tietoja voivat k\u00e4sitell\u00e4 kaikki ne<br>Hammasvahdissa palveluita tarjoavat suun terveydenhuollon ammattihenkil\u00f6t, jotka<br>osallistuvat hoidon suunnitteluun, toteutukseen ja seurantaan. Asiakkaalla on halutessaan<br>oikeus rajoittaa omien tietojensa k\u00e4sittely\u00e4 eri Hammasvahti Oy:n lukuun toimivien<br>tahojen osalta. Asiakasta pyydet\u00e4\u00e4n kiinnitt\u00e4m\u00e4\u00e4n huomiota siihen, ett\u00e4 tietojen<br>n\u00e4kyvyyden rajaaminen voi johtaa hoidon kannalta puutteelliseen informaatioon, mik\u00e4 voi<br>aiheuttaa riskin h\u00e4nen hoitonsa laadussa ja potilasturvallisuudessa<br>Voimme luovuttaa palveluiden laskutukseen liittyvi\u00e4 tietoja yhteisty\u00f6kumppaneillemme<br>laskutuksen toteuttamiseksi.<br>Henkil\u00f6tietojen k\u00e4sittely\u00e4 voidaan ulkoistaa EU:n yleisen tietosuoja-asetuksen mukaisin<br>sopimusehdoin Hammasvahti Oy:n ulkopuolisille palveluntarjoajille, jotka toimivat sen<br>lukuun, jos se on tarpeen Asiakkaan hoidon toteuttamiseksi (esim. hammasteknikon<br>palvelut).<br>Tietoja ei siirret\u00e4 EU:n tai ETA-alueen ulkopuolelle ilman asiakkaan suostumusta.<\/p>\n\n\n\n<h2 class=\"wp-block-heading\">8. Rekisterin suojauksen periaatteet<\/h2>\n\n\n\n<p><br>Rekisterin k\u00e4sittelyss\u00e4 noudatetaan huolellisuutta ja tietoj\u00e4rjestelmien avulla k\u00e4sitelt\u00e4v\u00e4t<br>tiedot suojataan asianmukaisesti. Kun rekisteritietoja s\u00e4ilytet\u00e4\u00e4n Internet-palvelimilla,<br>niiden laitteiston fyysisest\u00e4 ja digitaalisesta tietoturvasta huolehditaan asiaankuuluvasti.<br>Rekisterinpit\u00e4j\u00e4 huolehtii siit\u00e4, ett\u00e4 tallennettuja tietoja sek\u00e4 palvelimien k\u00e4ytt\u00f6oikeuksia ja<br>muita henkil\u00f6tietojen turvallisuuden kannalta kriittisi\u00e4 tietoja k\u00e4sitell\u00e4\u00e4n luottamuksellisesti<br>ja vain niiden henkil\u00f6iden toimesta, joiden teht\u00e4viin se kuuluu.<\/p>\n\n\n\n<h2 class=\"wp-block-heading\">9. Tarkastusoikeus ja oikeus vaatia tiedon korjaamista<\/h2>\n\n\n\n<p><br>Jokaisella rekisteriss\u00e4 olevalla henkil\u00f6ll\u00e4 on oikeus tarkistaa rekisteriin tallennetut tietonsa<br>ja vaatia mahdollisen virheellisen tiedon korjaamista tai puutteellisen tiedon<br>t\u00e4ydent\u00e4mist\u00e4. Mik\u00e4li henkil\u00f6 haluaa tarkistaa h\u00e4nest\u00e4 tallennetut tiedot tai vaatia niihin<br>oikaisua, pyynt\u00f6 tulee l\u00e4hett\u00e4\u00e4 s\u00e4hk\u00f6postitse tai kirjallisesti rekisterinpit\u00e4j\u00e4lle.<br>Rekisterinpit\u00e4j\u00e4 voi pyyt\u00e4\u00e4 tarvittaessa pyynn\u00f6n esitt\u00e4j\u00e4\u00e4 todistamaan henkil\u00f6llisyytens\u00e4.<br>Rekisterinpit\u00e4j\u00e4 vastaa asiakkaalle EU:n tietosuoja-asetuksessa s\u00e4\u00e4detyss\u00e4 ajassa<br>(p\u00e4\u00e4s\u00e4\u00e4nt\u00f6isesti kuukauden kuluessa). Tietoja tarkastettaessa ja korjattaessa t\u00e4ytyy<br>noudattaa voimassa olevia lakeja ja asetuksia.<\/p>\n\n\n\n<h2 class=\"wp-block-heading\">10. Muut henkil\u00f6tietojen k\u00e4sittelyyn liittyv\u00e4t oikeudet<\/h2>\n\n\n\n<p><br>Rekisteriss\u00e4 olevalla henkil\u00f6ll\u00e4 on oikeus pyyt\u00e4\u00e4 h\u00e4nt\u00e4 koskevien henkil\u00f6tietojen<br>poistamiseen rekisterist\u00e4 (&#8221;oikeus tulla unohdetuksi&#8221;). Niin ik\u00e4\u00e4n rekister\u00f6idyill\u00e4 on muut<br>EU:n yleisen tietosuoja-asetuksen mukaiset oikeudet kuten henkil\u00f6tietojen k\u00e4sittelyn<br>rajoittaminen tietyiss\u00e4 tilanteissa. Pyynn\u00f6t tulee l\u00e4hett\u00e4\u00e4 s\u00e4hk\u00f6postitse tai kirjallisesti<br>rekisterinpit\u00e4j\u00e4lle. Rekisterinpit\u00e4j\u00e4 voi pyyt\u00e4\u00e4 tarvittaessa pyynn\u00f6n esitt\u00e4j\u00e4\u00e4 todistamaan<br>henkil\u00f6llisyytens\u00e4. Rekisterinpit\u00e4j\u00e4 vastaa asiakkaalle EU:n tietosuoja-asetuksessa<br>s\u00e4\u00e4detyss\u00e4 ajassa (p\u00e4\u00e4s\u00e4\u00e4nt\u00f6isesti kuukauden kuluessa). Tietoja mahdollisesti<br>poistettaessa t\u00e4ytyy noudattaa voimassa olevia lakeja ja asetuksia. Oikeutta tulla<br>unohdetuksi ei voida toteuttaa Rekister\u00f6idyn vaatimalla tavalla, jos tietoa k\u00e4sitell\u00e4\u00e4n<br>rekisterinpit\u00e4j\u00e4n lakis\u00e4\u00e4teisen velvollisuuden toteuttamiseksi ja tiedon s\u00e4ilytt\u00e4miselle on<br>siten lain mukaiset perusteet.<\/p>\n","protected":false},"excerpt":{"rendered":"<p>T\u00e4m\u00e4 on Hammasvahti Oy:n EU:n yleisen tietosuoja-asetuksen (GDPR) mukainenrekisteri- ja tietosuojaseloste. Laadittu 30.10.2023. Viimeisin muutos 25.9.2024. 1. Rekisterinpit\u00e4j\u00e4 Hammasvahti Oy, Isokatu 32, 90100 Oulu Puhelin: 010 7399 111 (vastaanoton numero) 2. Yhteystiedot Tietosuojavastaava Henna Saarenp\u00e4\u00e4tietosuojavastaava@hammasvahti.fi Voit halutessasi j\u00e4tt\u00e4\u00e4 yhteydenottopyynn\u00f6n vastaanoton puhelinnumeroon 010 73 99 111. 3. Rekisterin nimi Hammasvahti Oy:n Asiakasrekisteri 4. Oikeusperuste ja henkil\u00f6tietojen [&hellip;]<\/p>\n","protected":false},"author":1,"featured_media":0,"parent":0,"menu_order":0,"comment_status":"closed","ping_status":"open","template":"","meta":{"ocean_post_layout":"","ocean_both_sidebars_style":"","ocean_both_sidebars_content_width":0,"ocean_both_sidebars_sidebars_width":0,"ocean_sidebar":"","ocean_second_sidebar":"","ocean_disable_margins":"enable","ocean_add_body_class":"","ocean_shortcode_before_top_bar":"","ocean_shortcode_after_top_bar":"","ocean_shortcode_before_header":"","ocean_shortcode_after_header":"","ocean_has_shortcode":"","ocean_shortcode_after_title":"","ocean_shortcode_before_footer_widgets":"","ocean_shortcode_after_footer_widgets":"","ocean_shortcode_before_footer_bottom":"","ocean_shortcode_after_footer_bottom":"","ocean_display_top_bar":"default","ocean_display_header":"default","ocean_header_style":"","ocean_center_header_left_menu":"","ocean_custom_header_template":"","ocean_custom_logo":0,"ocean_custom_retina_logo":0,"ocean_custom_logo_max_width":0,"ocean_custom_logo_tablet_max_width":0,"ocean_custom_logo_mobile_max_width":0,"ocean_custom_logo_max_height":0,"ocean_custom_logo_tablet_max_height":0,"ocean_custom_logo_mobile_max_height":0,"ocean_header_custom_menu":"","ocean_menu_typo_font_family":"","ocean_menu_typo_font_subset":"","ocean_menu_typo_font_size":0,"ocean_menu_typo_font_size_tablet":0,"ocean_menu_typo_font_size_mobile":0,"ocean_menu_typo_font_size_unit":"px","ocean_menu_typo_font_weight":"","ocean_menu_typo_font_weight_tablet":"","ocean_menu_typo_font_weight_mobile":"","ocean_menu_typo_transform":"","ocean_menu_typo_transform_tablet":"","ocean_menu_typo_transform_mobile":"","ocean_menu_typo_line_height":0,"ocean_menu_typo_line_height_tablet":0,"ocean_menu_typo_line_height_mobile":0,"ocean_menu_typo_line_height_unit":"","ocean_menu_typo_spacing":0,"ocean_menu_typo_spacing_tablet":0,"ocean_menu_typo_spacing_mobile":0,"ocean_menu_typo_spacing_unit":"","ocean_menu_link_color":"","ocean_menu_link_color_hover":"","ocean_menu_link_color_active":"","ocean_menu_link_background":"","ocean_menu_link_hover_background":"","ocean_menu_link_active_background":"","ocean_menu_social_links_bg":"","ocean_menu_social_hover_links_bg":"","ocean_menu_social_links_color":"","ocean_menu_social_hover_links_color":"","ocean_disable_title":"enable","ocean_disable_heading":"default","ocean_post_title":"","ocean_post_subheading":"","ocean_post_title_style":"","ocean_post_title_background_color":"","ocean_post_title_background":0,"ocean_post_title_bg_image_position":"","ocean_post_title_bg_image_attachment":"","ocean_post_title_bg_image_repeat":"","ocean_post_title_bg_image_size":"","ocean_post_title_height":0,"ocean_post_title_bg_overlay":0.5,"ocean_post_title_bg_overlay_color":"","ocean_disable_breadcrumbs":"default","ocean_breadcrumbs_color":"","ocean_breadcrumbs_separator_color":"","ocean_breadcrumbs_links_color":"","ocean_breadcrumbs_links_hover_color":"","ocean_display_footer_widgets":"default","ocean_display_footer_bottom":"default","ocean_custom_footer_template":"","_joinchat":[],"footnotes":""},"class_list":["post-3","page","type-page","status-publish","hentry","entry"],"aioseo_notices":[],"_links":{"self":[{"href":"https:\/\/hammasvahti.fi\/fi\/wp-json\/wp\/v2\/pages\/3","targetHints":{"allow":["GET"]}}],"collection":[{"href":"https:\/\/hammasvahti.fi\/fi\/wp-json\/wp\/v2\/pages"}],"about":[{"href":"https:\/\/hammasvahti.fi\/fi\/wp-json\/wp\/v2\/types\/page"}],"author":[{"embeddable":true,"href":"https:\/\/hammasvahti.fi\/fi\/wp-json\/wp\/v2\/users\/1"}],"replies":[{"embeddable":true,"href":"https:\/\/hammasvahti.fi\/fi\/wp-json\/wp\/v2\/comments?post=3"}],"version-history":[{"count":9,"href":"https:\/\/hammasvahti.fi\/fi\/wp-json\/wp\/v2\/pages\/3\/revisions"}],"predecessor-version":[{"id":1663,"href":"https:\/\/hammasvahti.fi\/fi\/wp-json\/wp\/v2\/pages\/3\/revisions\/1663"}],"wp:attachment":[{"href":"https:\/\/hammasvahti.fi\/fi\/wp-json\/wp\/v2\/media?parent=3"}],"curies":[{"name":"wp","href":"https:\/\/api.w.org\/{rel}","templated":true}]}}