{"id":1710,"date":"2024-11-20T12:53:24","date_gmt":"2024-11-20T12:53:24","guid":{"rendered":"https:\/\/hammasvahti.fi\/?page_id=1710"},"modified":"2024-12-02T10:20:46","modified_gmt":"2024-12-02T10:20:46","slug":"ilmoittaudu-tapahtumaan","status":"publish","type":"page","link":"https:\/\/hammasvahti.fi\/fi\/ilmoittaudu-tapahtumaan\/","title":{"rendered":"Ilmoittaudu tapahtumaan"},"content":{"rendered":"\t\t<div data-elementor-type=\"wp-page\" data-elementor-id=\"1710\" class=\"elementor elementor-1710\">\n\t\t\t\t\t\t<section class=\"elementor-section elementor-top-section elementor-element elementor-element-ac475c4 elementor-section-stretched elementor-section-boxed elementor-section-height-default elementor-section-height-default\" data-id=\"ac475c4\" data-element_type=\"section\" data-e-type=\"section\" data-settings=\"{&quot;stretch_section&quot;:&quot;section-stretched&quot;,&quot;background_background&quot;:&quot;classic&quot;}\">\n\t\t\t\t\t\t<div class=\"elementor-container elementor-column-gap-default\">\n\t\t\t\t\t<div class=\"elementor-column elementor-col-100 elementor-top-column elementor-element elementor-element-9532ca5\" data-id=\"9532ca5\" data-element_type=\"column\" data-e-type=\"column\">\n\t\t\t<div class=\"elementor-widget-wrap elementor-element-populated\">\n\t\t\t\t\t\t<div class=\"elementor-element elementor-element-e1f55ac elementor-widget elementor-widget-heading\" data-id=\"e1f55ac\" data-element_type=\"widget\" data-e-type=\"widget\" data-widget_type=\"heading.default\">\n\t\t\t\t<div class=\"elementor-widget-container\">\n\t\t\t\t\t<h1 class=\"elementor-heading-title elementor-size-default\">Ilmoittaudu Hammasvahti-iltaan<\/h1>\t\t\t\t<\/div>\n\t\t\t\t<\/div>\n\t\t\t\t<div class=\"elementor-element elementor-element-b481326 elementor-widget elementor-widget-text-editor\" data-id=\"b481326\" data-element_type=\"widget\" data-e-type=\"widget\" data-widget_type=\"text-editor.default\">\n\t\t\t\t<div class=\"elementor-widget-container\">\n\t\t\t\t\t\t\t\t\t<p>Hammasvahti on helmikuussa 2024 avattu oululainen laajan palvelun hammasl\u00e4\u00e4k\u00e4riasema. Voimme tarjota kuvantamisen ja useiden eri erikoisalojen palveluita muiden vastaanottojen tarpeisiin.<\/p>\n<p>Esimerkiksi:<\/p>\n<ul>\n<li>KKTT -kuvat halutessanne sis\u00e4lt\u00e4en radiologisen lausunnon<\/li>\n<li>Erikoishammasl\u00e4\u00e4k\u00e4ripalvelut:\n<ul>\n<li>Protetiikka ja purentafysiologia, Tuomas Kurronen<\/li>\n<li>Suu- ja leukakirurgia, Eelis Rytk\u00f6nen<\/li>\n<li>Parodontologia, Meeri Ojala<\/li>\n<li>Oikomishoito, Matti Hannula<\/li>\n<li>Kariologia ja endodontia, Kristiina Oikarinen-Juusola<\/li>\n<\/ul>\n<\/li>\n<li>Implantoinnit ja implanttiohjurit, leikkaukselliset poistot, peri-implantiittihoidot, vaativat juurihoidot, irtoproteesit, kruunut, sillat, laminaatit, perinteinen ja kalvo-oikominen, kysy lis\u00e4\u00e4!<\/li>\n<li>S\u00e4rky- ja tapaturmap\u00e4ivystys, my\u00f6s lauantaisin<\/li>\n<\/ul>\n<p><strong>Haluammekin yhteisty\u00f6ss\u00e4 Hammasv\u00e4lineen kanssa kutsua teid\u00e4t tutustumaan klinikkaamme torstaina 16.1.2025 iltatilaisuuteen klo 18 alkaen.<\/strong><\/p>\n<p>Luvassa on vastaanoton tilojen, laitteiden ja palveluiden esittely\u00e4 ja pient\u00e4 purtavaa. Tarjoiluiden varaamiseksi pyyt\u00e4isimme ilmoittautumaan tilaisuuteen 9.1.2025 menness\u00e4.<\/p>\n<p>Tilaisuus on maksuton.<\/p>\n<p>Ilmoittaudu tapahtumaan alla olevalla lomakkeella.<\/p>\t\t\t\t\t\t\t\t<\/div>\n\t\t\t\t<\/div>\n\t\t\t\t\t<\/div>\n\t\t<\/div>\n\t\t\t\t\t<\/div>\n\t\t<\/section>\n\t\t\t\t<section class=\"elementor-section elementor-top-section elementor-element elementor-element-3707a9b elementor-section-boxed elementor-section-height-default elementor-section-height-default\" data-id=\"3707a9b\" data-element_type=\"section\" data-e-type=\"section\">\n\t\t\t\t\t\t<div class=\"elementor-container elementor-column-gap-default\">\n\t\t\t\t\t<div class=\"elementor-column elementor-col-100 elementor-top-column elementor-element elementor-element-8f00904\" data-id=\"8f00904\" data-element_type=\"column\" data-e-type=\"column\">\n\t\t\t<div class=\"elementor-widget-wrap elementor-element-populated\">\n\t\t\t\t\t\t<div class=\"elementor-element elementor-element-d65c4a1 elementor-widget elementor-widget-html\" data-id=\"d65c4a1\" data-element_type=\"widget\" data-e-type=\"widget\" data-widget_type=\"html.default\">\n\t\t\t\t<div class=\"elementor-widget-container\">\n\t\t\t\t\t<iframe width=\"640px\" height=\"820px\" src=https:\/\/forms.office.com\/Pages\/ResponsePage.aspx?id=JabxI_LDzU-0Y5yNBbbWmINkLDcJeJJDh-QcIgFWMBRUOUJHTDBXRjRRODVBNEtGNE1CTzZJTVNIQi4u&embed=true frameborder=\"0\" marginwidth=\"0\" marginheight=\"0\" style=\"border: none; max-width:100%; max-height:100vh\" allowfullscreen webkitallowfullscreen mozallowfullscreen msallowfullscreen> <\/iframe>\t\t\t\t<\/div>\n\t\t\t\t<\/div>\n\t\t\t\t<div class=\"elementor-element elementor-element-58c8e54 elementor-widget elementor-widget-text-editor\" data-id=\"58c8e54\" data-element_type=\"widget\" data-e-type=\"widget\" data-widget_type=\"text-editor.default\">\n\t\t\t\t<div class=\"elementor-widget-container\">\n\t\t\t\t\t\t\t\t\t<p>Jos lomake ei avaudu oikein, voit vastata kyselyyn my\u00f6s alla olevan painikkeen kautta.<\/p>\t\t\t\t\t\t\t\t<\/div>\n\t\t\t\t<\/div>\n\t\t\t\t<div class=\"elementor-element elementor-element-abe0405 elementor-widget elementor-widget-button\" data-id=\"abe0405\" data-element_type=\"widget\" data-e-type=\"widget\" data-widget_type=\"button.default\">\n\t\t\t\t<div class=\"elementor-widget-container\">\n\t\t\t\t\t\t\t\t\t<div class=\"elementor-button-wrapper\">\n\t\t\t\t\t<a class=\"elementor-button elementor-button-link elementor-size-sm\" href=\"https:\/\/forms.office.com\/e\/rfVEpdezuV\">\n\t\t\t\t\t\t<span class=\"elementor-button-content-wrapper\">\n\t\t\t\t\t\t\t\t\t<span class=\"elementor-button-text\">ilmoittaudu tapahtumaan<\/span>\n\t\t\t\t\t<\/span>\n\t\t\t\t\t<\/a>\n\t\t\t\t<\/div>\n\t\t\t\t\t\t\t\t<\/div>\n\t\t\t\t<\/div>\n\t\t\t\t\t<\/div>\n\t\t<\/div>\n\t\t\t\t\t<\/div>\n\t\t<\/section>\n\t\t\t\t<section class=\"elementor-section elementor-top-section elementor-element elementor-element-95ee25a elementor-section-stretched elementor-section-boxed elementor-section-height-default elementor-section-height-default\" data-id=\"95ee25a\" data-element_type=\"section\" data-e-type=\"section\" data-settings=\"{&quot;background_background&quot;:&quot;classic&quot;,&quot;stretch_section&quot;:&quot;section-stretched&quot;}\">\n\t\t\t\t\t\t<div class=\"elementor-container elementor-column-gap-default\">\n\t\t\t\t\t<div class=\"elementor-column elementor-col-50 elementor-top-column elementor-element elementor-element-5b9a42a0\" data-id=\"5b9a42a0\" data-element_type=\"column\" data-e-type=\"column\">\n\t\t\t<div class=\"elementor-widget-wrap elementor-element-populated\">\n\t\t\t\t\t\t<div class=\"elementor-element elementor-element-3950cf8c elementor-widget elementor-widget-text-editor\" data-id=\"3950cf8c\" data-element_type=\"widget\" data-e-type=\"widget\" data-widget_type=\"text-editor.default\">\n\t\t\t\t<div class=\"elementor-widget-container\">\n\t\t\t\t\t\t\t\t\t<p><!-- \/wp:heading --><!-- wp:paragraph --><\/p><p>Vastaan mielell\u00e4ni kysymyksiin palveluistamme ja keskustelen mielell\u00e4ni mik\u00e4li teill\u00e4 on kiinnostusta yhteisty\u00f6h\u00f6n, vaikka ette tapahtumaan p\u00e4\u00e4sisik\u00e4\u00e4n.<br \/><br \/>Yst\u00e4v\u00e4llisin terveisin,<br \/>Ville Saarenp\u00e4\u00e4<br \/>Hammasvahti Oy<\/p><p><!-- \/wp:paragraph --><!-- wp:paragraph --><\/p><p><!-- \/wp:paragraph --><\/p>\t\t\t\t\t\t\t\t<\/div>\n\t\t\t\t<\/div>\n\t\t\t\t\t<\/div>\n\t\t<\/div>\n\t\t\t\t<div class=\"elementor-column elementor-col-50 elementor-top-column elementor-element elementor-element-66c8aa13\" data-id=\"66c8aa13\" data-element_type=\"column\" data-e-type=\"column\">\n\t\t\t<div class=\"elementor-widget-wrap elementor-element-populated\">\n\t\t\t\t\t\t<div class=\"elementor-element elementor-element-32406a93 elementor-widget elementor-widget-image\" data-id=\"32406a93\" data-element_type=\"widget\" data-e-type=\"widget\" data-widget_type=\"image.default\">\n\t\t\t\t<div class=\"elementor-widget-container\">\n\t\t\t\t\t\t\t\t\t\t\t\t\t\t\t<img fetchpriority=\"high\" decoding=\"async\" width=\"300\" height=\"300\" src=\"https:\/\/hammasvahti.fi\/wp-content\/uploads\/2024\/01\/Ville-1-of-1_300.jpg\" class=\"attachment-large size-large wp-image-803\" alt=\"Ville Saarenp\u00e4\u00e4, puoliprofiilikuva.\" srcset=\"https:\/\/hammasvahti.fi\/wp-content\/uploads\/2024\/01\/Ville-1-of-1_300.jpg 300w, https:\/\/hammasvahti.fi\/wp-content\/uploads\/2024\/01\/Ville-1-of-1_300-150x150.jpg 150w\" sizes=\"(max-width: 300px) 100vw, 300px\" \/>\t\t\t\t\t\t\t\t\t\t\t\t\t\t\t<\/div>\n\t\t\t\t<\/div>\n\t\t\t\t\t<\/div>\n\t\t<\/div>\n\t\t\t\t\t<\/div>\n\t\t<\/section>\n\t\t\t\t<section class=\"elementor-section elementor-top-section elementor-element elementor-element-1ff3a3a elementor-section-boxed elementor-section-height-default elementor-section-height-default\" data-id=\"1ff3a3a\" data-element_type=\"section\" data-e-type=\"section\">\n\t\t\t\t\t\t<div class=\"elementor-container elementor-column-gap-default\">\n\t\t\t\t\t<div class=\"elementor-column elementor-col-100 elementor-top-column elementor-element elementor-element-d4d6400\" data-id=\"d4d6400\" data-element_type=\"column\" data-e-type=\"column\">\n\t\t\t<div class=\"elementor-widget-wrap elementor-element-populated\">\n\t\t\t\t\t\t<div class=\"elementor-element elementor-element-f051153 elementor-widget elementor-widget-image\" data-id=\"f051153\" data-element_type=\"widget\" data-e-type=\"widget\" data-widget_type=\"image.default\">\n\t\t\t\t<div class=\"elementor-widget-container\">\n\t\t\t\t\t\t\t\t\t\t\t\t\t\t\t<img decoding=\"async\" width=\"333\" height=\"41\" src=\"https:\/\/hammasvahti.fi\/wp-content\/uploads\/2024\/11\/hammasvaline-logo.png\" class=\"attachment-large size-large wp-image-1722\" alt=\"Hammasv\u00e4line logo\" srcset=\"https:\/\/hammasvahti.fi\/wp-content\/uploads\/2024\/11\/hammasvaline-logo.png 333w, https:\/\/hammasvahti.fi\/wp-content\/uploads\/2024\/11\/hammasvaline-logo-300x37.png 300w\" sizes=\"(max-width: 333px) 100vw, 333px\" \/>\t\t\t\t\t\t\t\t\t\t\t\t\t\t\t<\/div>\n\t\t\t\t<\/div>\n\t\t\t\t<div class=\"elementor-element elementor-element-cd3b8ae elementor-widget elementor-widget-image\" data-id=\"cd3b8ae\" data-element_type=\"widget\" data-e-type=\"widget\" data-widget_type=\"image.default\">\n\t\t\t\t<div class=\"elementor-widget-container\">\n\t\t\t\t\t\t\t\t\t\t\t\t\t\t\t<img decoding=\"async\" width=\"300\" height=\"67\" src=\"https:\/\/hammasvahti.fi\/wp-content\/uploads\/2023\/07\/hammasvahti-logo-vari-1-300x67.png\" class=\"attachment-medium size-medium wp-image-26\" alt=\"Hammasvahti logo\" srcset=\"https:\/\/hammasvahti.fi\/wp-content\/uploads\/2023\/07\/hammasvahti-logo-vari-1-300x67.png 300w, https:\/\/hammasvahti.fi\/wp-content\/uploads\/2023\/07\/hammasvahti-logo-vari-1-1024x229.png 1024w, https:\/\/hammasvahti.fi\/wp-content\/uploads\/2023\/07\/hammasvahti-logo-vari-1-768x172.png 768w, https:\/\/hammasvahti.fi\/wp-content\/uploads\/2023\/07\/hammasvahti-logo-vari-1.png 1280w\" sizes=\"(max-width: 300px) 100vw, 300px\" \/>\t\t\t\t\t\t\t\t\t\t\t\t\t\t\t<\/div>\n\t\t\t\t<\/div>\n\t\t\t\t\t<\/div>\n\t\t<\/div>\n\t\t\t\t\t<\/div>\n\t\t<\/section>\n\t\t\t\t<\/div>\n\t\t","protected":false},"excerpt":{"rendered":"<p>Ilmoittaudu Hammasvahti-iltaan Hammasvahti on helmikuussa 2024 avattu oululainen laajan palvelun hammasl\u00e4\u00e4k\u00e4riasema. Voimme tarjota kuvantamisen ja useiden eri erikoisalojen palveluita muiden vastaanottojen tarpeisiin. Esimerkiksi: KKTT -kuvat halutessanne sis\u00e4lt\u00e4en radiologisen lausunnon Erikoishammasl\u00e4\u00e4k\u00e4ripalvelut: Protetiikka ja purentafysiologia, Tuomas Kurronen Suu- ja leukakirurgia, Eelis Rytk\u00f6nen Parodontologia, Meeri Ojala Oikomishoito, Matti Hannula Kariologia ja endodontia, Kristiina Oikarinen-Juusola Implantoinnit ja implanttiohjurit, leikkaukselliset [&hellip;]<\/p>\n","protected":false},"author":2,"featured_media":0,"parent":0,"menu_order":0,"comment_status":"closed","ping_status":"closed","template":"","meta":{"ocean_post_layout":"","ocean_both_sidebars_style":"","ocean_both_sidebars_content_width":0,"ocean_both_sidebars_sidebars_width":0,"ocean_sidebar":"","ocean_second_sidebar":"","ocean_disable_margins":"enable","ocean_add_body_class":"","ocean_shortcode_before_top_bar":"","ocean_shortcode_after_top_bar":"","ocean_shortcode_before_header":"","ocean_shortcode_after_header":"","ocean_has_shortcode":"","ocean_shortcode_after_title":"","ocean_shortcode_before_footer_widgets":"","ocean_shortcode_after_footer_widgets":"","ocean_shortcode_before_footer_bottom":"","ocean_shortcode_after_footer_bottom":"","ocean_display_top_bar":"default","ocean_display_header":"default","ocean_header_style":"","ocean_center_header_left_menu":"","ocean_custom_header_template":"","ocean_custom_logo":0,"ocean_custom_retina_logo":0,"ocean_custom_logo_max_width":0,"ocean_custom_logo_tablet_max_width":0,"ocean_custom_logo_mobile_max_width":0,"ocean_custom_logo_max_height":0,"ocean_custom_logo_tablet_max_height":0,"ocean_custom_logo_mobile_max_height":0,"ocean_header_custom_menu":"","ocean_menu_typo_font_family":"","ocean_menu_typo_font_subset":"","ocean_menu_typo_font_size":0,"ocean_menu_typo_font_size_tablet":0,"ocean_menu_typo_font_size_mobile":0,"ocean_menu_typo_font_size_unit":"px","ocean_menu_typo_font_weight":"","ocean_menu_typo_font_weight_tablet":"","ocean_menu_typo_font_weight_mobile":"","ocean_menu_typo_transform":"","ocean_menu_typo_transform_tablet":"","ocean_menu_typo_transform_mobile":"","ocean_menu_typo_line_height":0,"ocean_menu_typo_line_height_tablet":0,"ocean_menu_typo_line_height_mobile":0,"ocean_menu_typo_line_height_unit":"","ocean_menu_typo_spacing":0,"ocean_menu_typo_spacing_tablet":0,"ocean_menu_typo_spacing_mobile":0,"ocean_menu_typo_spacing_unit":"","ocean_menu_link_color":"","ocean_menu_link_color_hover":"","ocean_menu_link_color_active":"","ocean_menu_link_background":"","ocean_menu_link_hover_background":"","ocean_menu_link_active_background":"","ocean_menu_social_links_bg":"","ocean_menu_social_hover_links_bg":"","ocean_menu_social_links_color":"","ocean_menu_social_hover_links_color":"","ocean_disable_title":"default","ocean_disable_heading":"default","ocean_post_title":"","ocean_post_subheading":"","ocean_post_title_style":"","ocean_post_title_background_color":"","ocean_post_title_background":0,"ocean_post_title_bg_image_position":"","ocean_post_title_bg_image_attachment":"","ocean_post_title_bg_image_repeat":"","ocean_post_title_bg_image_size":"","ocean_post_title_height":0,"ocean_post_title_bg_overlay":0.5,"ocean_post_title_bg_overlay_color":"","ocean_disable_breadcrumbs":"default","ocean_breadcrumbs_color":"","ocean_breadcrumbs_separator_color":"","ocean_breadcrumbs_links_color":"","ocean_breadcrumbs_links_hover_color":"","ocean_display_footer_widgets":"default","ocean_display_footer_bottom":"default","ocean_custom_footer_template":"","_joinchat":[],"footnotes":""},"class_list":["post-1710","page","type-page","status-publish","hentry","entry"],"aioseo_notices":[],"_links":{"self":[{"href":"https:\/\/hammasvahti.fi\/fi\/wp-json\/wp\/v2\/pages\/1710","targetHints":{"allow":["GET"]}}],"collection":[{"href":"https:\/\/hammasvahti.fi\/fi\/wp-json\/wp\/v2\/pages"}],"about":[{"href":"https:\/\/hammasvahti.fi\/fi\/wp-json\/wp\/v2\/types\/page"}],"author":[{"embeddable":true,"href":"https:\/\/hammasvahti.fi\/fi\/wp-json\/wp\/v2\/users\/2"}],"replies":[{"embeddable":true,"href":"https:\/\/hammasvahti.fi\/fi\/wp-json\/wp\/v2\/comments?post=1710"}],"version-history":[{"count":26,"href":"https:\/\/hammasvahti.fi\/fi\/wp-json\/wp\/v2\/pages\/1710\/revisions"}],"predecessor-version":[{"id":1739,"href":"https:\/\/hammasvahti.fi\/fi\/wp-json\/wp\/v2\/pages\/1710\/revisions\/1739"}],"wp:attachment":[{"href":"https:\/\/hammasvahti.fi\/fi\/wp-json\/wp\/v2\/media?parent=1710"}],"curies":[{"name":"wp","href":"https:\/\/api.w.org\/{rel}","templated":true}]}}