{"id":1581,"date":"2024-10-12T07:00:00","date_gmt":"2024-10-12T07:00:00","guid":{"rendered":"https:\/\/hammasvahti.fi\/?page_id=1581"},"modified":"2026-03-05T06:15:13","modified_gmt":"2026-03-05T06:15:13","slug":"arvonta","status":"publish","type":"page","link":"https:\/\/hammasvahti.fi\/fi\/arvonta\/","title":{"rendered":"Arvonta"},"content":{"rendered":"\t\t<div data-elementor-type=\"wp-page\" data-elementor-id=\"1581\" class=\"elementor elementor-1581\">\n\t\t\t\t\t\t<section class=\"elementor-section elementor-top-section elementor-element elementor-element-09929b2 elementor-section-stretched elementor-section-boxed elementor-section-height-default elementor-section-height-default\" data-id=\"09929b2\" data-element_type=\"section\" data-e-type=\"section\" data-settings=\"{&quot;stretch_section&quot;:&quot;section-stretched&quot;,&quot;background_background&quot;:&quot;classic&quot;}\">\n\t\t\t\t\t\t<div class=\"elementor-container elementor-column-gap-default\">\n\t\t\t\t\t<div class=\"elementor-column elementor-col-100 elementor-top-column elementor-element elementor-element-a151296\" data-id=\"a151296\" data-element_type=\"column\" data-e-type=\"column\">\n\t\t\t<div class=\"elementor-widget-wrap elementor-element-populated\">\n\t\t\t\t\t\t<div class=\"elementor-element elementor-element-68487f2 elementor-widget elementor-widget-heading\" data-id=\"68487f2\" data-element_type=\"widget\" data-e-type=\"widget\" data-widget_type=\"heading.default\">\n\t\t\t\t<div class=\"elementor-widget-container\">\n\t\t\t\t\t<h1 class=\"elementor-heading-title elementor-size-default\">Hups, ei arvontaa t\u00e4ll\u00e4 hetkell\u00e4.<\/h1>\t\t\t\t<\/div>\n\t\t\t\t<\/div>\n\t\t\t\t<div class=\"elementor-element elementor-element-1faffc3 elementor-widget elementor-widget-text-editor\" data-id=\"1faffc3\" data-element_type=\"widget\" data-e-type=\"widget\" data-widget_type=\"text-editor.default\">\n\t\t\t\t<div class=\"elementor-widget-container\">\n\t\t\t\t\t\t\t\t\t<p><\/p>\n<p>Voitte kuitenkin halutessanne olla meihin yhteydess\u00e4 alla olevan lomakkeen kautta. Mukavaa p\u00e4iv\u00e4njatkoa.<\/p><p>Arvonnan s\u00e4\u00e4nn\u00f6t voit lukea <a href=\"#saannot\" style=\"\">alempaa t\u00e4lt\u00e4 sivulta<\/a>.<\/p>\t\t\t\t\t\t\t\t<\/div>\n\t\t\t\t<\/div>\n\t\t\t\t<div class=\"elementor-element elementor-element-77a68be eael-wpforms-labels-yes eael-wpforms-form-button-custom elementor-widget elementor-widget-eael-wpforms\" data-id=\"77a68be\" data-element_type=\"widget\" data-e-type=\"widget\" data-widget_type=\"eael-wpforms.default\">\n\t\t\t\t<div class=\"elementor-widget-container\">\n\t\t\t\t\t            <div class=\"eael-contact-form eael-wpforms eael-wpforms-align-left\">\n                                <div class=\"wpforms-container wpforms-container-full wpforms-render-modern\" id=\"wpforms-1589\"><form id=\"wpforms-form-1589\" class=\"wpforms-validate wpforms-form wpforms-ajax-form\" data-formid=\"1589\" method=\"post\" enctype=\"multipart\/form-data\" action=\"\/fi\/wp-json\/wp\/v2\/pages\/1581\" data-token=\"4562f098c3ba0c17c0f931aaf9507b52\" data-token-time=\"1776378678\"><div class=\"wpforms-head-container\"><div class=\"wpforms-title\">Arvontalomake<\/div><\/div><noscript class=\"wpforms-error-noscript\">Please enable JavaScript in your browser to complete this form.<\/noscript><div id=\"wpforms-error-noscript\" style=\"display: none;\">Please enable JavaScript in your browser to complete this form.<\/div><div class=\"wpforms-field-container\"><div id=\"wpforms-1589-field_2-container\" class=\"wpforms-field wpforms-field-email\" data-field-id=\"2\"><label class=\"wpforms-field-label\" for=\"wpforms-1589-field_2\">S\u00e4hk\u00f6posti <span class=\"wpforms-required-label\" aria-hidden=\"true\">*<\/span><\/label><input type=\"email\" id=\"wpforms-1589-field_2\" class=\"wpforms-field-small wpforms-field-required\" name=\"wpforms[fields][2]\" spellcheck=\"false\" aria-errormessage=\"wpforms-1589-field_2-error\" required><\/div><div id=\"wpforms-1589-field_1-container\" class=\"wpforms-field wpforms-field-text\" data-field-id=\"1\"><label class=\"wpforms-field-label\" for=\"wpforms-1589-field_1\">Nimi <span class=\"wpforms-required-label\" aria-hidden=\"true\">*<\/span><\/label><input type=\"text\" id=\"wpforms-1589-field_1\" class=\"wpforms-field-small wpforms-field-required\" name=\"wpforms[fields][1]\" aria-errormessage=\"wpforms-1589-field_1-error\" required><\/div><div id=\"wpforms-1589-field_10-container\" class=\"wpforms-field wpforms-field-text\" data-field-id=\"10\"><label class=\"wpforms-field-label\" for=\"wpforms-1589-field_10\">Puhelinnumero<\/label><input type=\"text\" id=\"wpforms-1589-field_10\" class=\"wpforms-field-small\" name=\"wpforms[fields][10]\" aria-errormessage=\"wpforms-1589-field_10-error\" ><\/div><div id=\"wpforms-1589-field_3-container\" class=\"wpforms-field wpforms-field-text\" data-field-id=\"3\"><label class=\"wpforms-field-label\" for=\"wpforms-1589-field_3\">Osoite<\/label><input type=\"text\" id=\"wpforms-1589-field_3\" class=\"wpforms-field-medium\" name=\"wpforms[fields][3]\" placeholder=\"L\u00e4hiosoite\" aria-errormessage=\"wpforms-1589-field_3-error\" ><\/div><div id=\"wpforms-1589-field_4-container\" class=\"wpforms-field wpforms-field-text\" data-field-id=\"4\"><label class=\"wpforms-field-label\" for=\"wpforms-1589-field_4\">Kunta\/kaupunki<\/label><input type=\"text\" id=\"wpforms-1589-field_4\" class=\"wpforms-field-small\" name=\"wpforms[fields][4]\" aria-errormessage=\"wpforms-1589-field_4-error\" ><\/div><div id=\"wpforms-1589-field_11-container\" class=\"wpforms-field wpforms-field-text\" data-field-id=\"11\"><label class=\"wpforms-field-label\" for=\"wpforms-1589-field_11\">Postinumero<\/label><input type=\"text\" id=\"wpforms-1589-field_11\" class=\"wpforms-field-small\" name=\"wpforms[fields][11]\" aria-errormessage=\"wpforms-1589-field_11-error\" ><\/div><div id=\"wpforms-1589-field_7-container\" class=\"wpforms-field wpforms-field-checkbox\" data-field-id=\"7\"><fieldset><legend class=\"wpforms-field-label\">Minulle saa l\u00e4hett\u00e4\u00e4 tarjouksia ja palveluihin liittyvi\u00e4 viestej\u00e4<\/legend><ul id=\"wpforms-1589-field_7\"><li class=\"choice-1 depth-1\"><input type=\"checkbox\" id=\"wpforms-1589-field_7_1\" name=\"wpforms[fields][7][]\" value=\"S\u00e4hk\u00f6postilla\" aria-errormessage=\"wpforms-1589-field_7_1-error\"  ><label class=\"wpforms-field-label-inline\" for=\"wpforms-1589-field_7_1\">S\u00e4hk\u00f6postilla<\/label><\/li><li class=\"choice-3 depth-1\"><input type=\"checkbox\" id=\"wpforms-1589-field_7_3\" name=\"wpforms[fields][7][]\" value=\"Tekstiviestill\u00e4\" aria-errormessage=\"wpforms-1589-field_7_3-error\"  ><label class=\"wpforms-field-label-inline\" for=\"wpforms-1589-field_7_3\">Tekstiviestill\u00e4<\/label><\/li><li class=\"choice-2 depth-1\"><input type=\"checkbox\" id=\"wpforms-1589-field_7_2\" name=\"wpforms[fields][7][]\" value=\"Postilla\" aria-errormessage=\"wpforms-1589-field_7_2-error\"  ><label class=\"wpforms-field-label-inline\" for=\"wpforms-1589-field_7_2\">Postilla<\/label><\/li><\/ul><\/fieldset><\/div><div id=\"wpforms-1589-field_14-container\" class=\"wpforms-field wpforms-field-textarea\" data-field-id=\"14\"><label class=\"wpforms-field-label\" for=\"wpforms-1589-field_14\">Haluatko, ett\u00e4 sinuun otetaan yhteytt\u00e4? <\/label><textarea id=\"wpforms-1589-field_14\" class=\"wpforms-field-medium\" name=\"wpforms[fields][14]\" placeholder=\"Kerro lyhyesti, mit\u00e4 asiasi koskee.\" aria-errormessage=\"wpforms-1589-field_14-error\" ><\/textarea><\/div><div id=\"wpforms-1589-field_9-container\" class=\"wpforms-field wpforms-field-gdpr-checkbox\" data-field-id=\"9\"><label class=\"wpforms-field-label\">GDPR suostumus <span class=\"wpforms-required-label\" aria-hidden=\"true\">*<\/span><\/label><ul id=\"wpforms-1589-field_9\" class=\"wpforms-field-required\"><li class=\"choice-1\"><input type=\"checkbox\" id=\"wpforms-1589-field_9_1\" name=\"wpforms[fields][9][]\" value=\"Hyv\u00e4ksyn sen, ett\u00e4 t\u00e4m\u00e4 verkkosivusto tallentaa l\u00e4hett\u00e4m\u00e4ni tietoni.\" aria-errormessage=\"wpforms-1589-field_9_1-error\" aria-describedby=\"wpforms-1589-field_9-description\" required ><label class=\"wpforms-field-label-inline\" for=\"wpforms-1589-field_9_1\">Hyv\u00e4ksyn sen, ett\u00e4 t\u00e4m\u00e4 verkkosivusto tallentaa l\u00e4hett\u00e4m\u00e4ni tietoni.<\/label><\/li><\/ul><div id=\"wpforms-1589-field_9-description\" class=\"wpforms-field-description\">Voit lukea tietosuojaselosteen osoitteessa: <a href=\"https:\/\/hammasvahti.fi\/tietosuojaseloste\/\">hammasvahti.fi\/tietosuojaseloste<\/a><\/div><\/div><\/div><!-- .wpforms-field-container --><div class=\"wpforms-recaptcha-container wpforms-is-hcaptcha\" ><div class=\"h-captcha\" data-sitekey=\"e52d0f1d-227a-4dbc-aff8-98eabf73af3a\"><\/div><input type=\"text\" name=\"g-recaptcha-hidden\" class=\"wpforms-recaptcha-hidden\" style=\"position:absolute!important;clip:rect(0,0,0,0)!important;height:1px!important;width:1px!important;border:0!important;overflow:hidden!important;padding:0!important;margin:0!important;\" data-rule-hcaptcha=\"1\"><\/div><div class=\"wpforms-submit-container\" ><input type=\"hidden\" name=\"wpforms[id]\" value=\"1589\"><input type=\"hidden\" name=\"page_title\" value=\"\"><input type=\"hidden\" name=\"page_url\" value=\"https:\/\/hammasvahti.fi\/fi\/wp-json\/wp\/v2\/pages\/1581\"><input type=\"hidden\" name=\"url_referer\" value=\"\"><button type=\"submit\" name=\"wpforms[submit]\" id=\"wpforms-submit-1589\" class=\"wpforms-submit\" data-alt-text=\"L\u00e4hett\u00e4\u00e4...\" data-submit-text=\"Osallistu arvontaan\" aria-live=\"assertive\" value=\"wpforms-submit\">Osallistu arvontaan<\/button><img decoding=\"async\" src=\"https:\/\/hammasvahti.fi\/wp-content\/plugins\/wpforms-lite\/assets\/images\/submit-spin.svg\" class=\"wpforms-submit-spinner\" style=\"display: none;\" width=\"26\" height=\"26\" alt=\"Loading\"><\/div><\/form><\/div>  <!-- .wpforms-container -->            <\/div>\n\t\t\t\t<\/div>\n\t\t\t\t<\/div>\n\t\t\t\t<div class=\"elementor-element elementor-element-7c4f823 elementor-widget elementor-widget-heading\" data-id=\"7c4f823\" data-element_type=\"widget\" data-e-type=\"widget\" id=\"saannot\" data-widget_type=\"heading.default\">\n\t\t\t\t<div class=\"elementor-widget-container\">\n\t\t\t\t\t<h2 class=\"elementor-heading-title elementor-size-default\">Arvonnan s\u00e4\u00e4nn\u00f6t<\/h2>\t\t\t\t<\/div>\n\t\t\t\t<\/div>\n\t\t\t\t<div class=\"elementor-element elementor-element-2422431 elementor-widget elementor-widget-text-editor\" data-id=\"2422431\" data-element_type=\"widget\" data-e-type=\"widget\" data-widget_type=\"text-editor.default\">\n\t\t\t\t<div class=\"elementor-widget-container\">\n\t\t\t\t\t\t\t\t\t<p>Arvonta suoritetaan ilmoitettuna m\u00e4\u00e4r\u00e4p\u00e4iv\u00e4n\u00e4 ja voittajille ilmoitetaan erikseen henkil\u00f6kohtaisesti. Jos voittajaa ei tavoiteta kahden viikon kuluessa ensimm\u00e4isest\u00e4 yhteydenotosta, arvotaan uusi voittaja. Arvontaan voi osallistua vain yli 18 -vuotiaat.<\/p>\t\t\t\t\t\t\t\t<\/div>\n\t\t\t\t<\/div>\n\t\t\t\t\t<\/div>\n\t\t<\/div>\n\t\t\t\t\t<\/div>\n\t\t<\/section>\n\t\t\t\t<\/div>\n\t\t","protected":false},"excerpt":{"rendered":"<p>Hups, ei arvontaa t\u00e4ll\u00e4 hetkell\u00e4. Voitte kuitenkin halutessanne olla meihin yhteydess\u00e4 alla olevan lomakkeen kautta. Mukavaa p\u00e4iv\u00e4njatkoa. Arvonnan s\u00e4\u00e4nn\u00f6t voit lukea alempaa t\u00e4lt\u00e4 sivulta. ArvontalomakePlease enable JavaScript in your browser to complete this form.Please enable JavaScript in your browser to complete this form.S\u00e4hk\u00f6posti *Nimi *PuhelinnumeroOsoiteKunta\/kaupunkiPostinumero Minulle saa l\u00e4hett\u00e4\u00e4 tarjouksia ja palveluihin liittyvi\u00e4 viestej\u00e4 S\u00e4hk\u00f6postilla Tekstiviestill\u00e4 [&hellip;]<\/p>\n","protected":false},"author":2,"featured_media":0,"parent":0,"menu_order":0,"comment_status":"closed","ping_status":"closed","template":"","meta":{"ocean_post_layout":"","ocean_both_sidebars_style":"","ocean_both_sidebars_content_width":0,"ocean_both_sidebars_sidebars_width":0,"ocean_sidebar":"","ocean_second_sidebar":"","ocean_disable_margins":"enable","ocean_add_body_class":"","ocean_shortcode_before_top_bar":"","ocean_shortcode_after_top_bar":"","ocean_shortcode_before_header":"","ocean_shortcode_after_header":"","ocean_has_shortcode":"","ocean_shortcode_after_title":"","ocean_shortcode_before_footer_widgets":"","ocean_shortcode_after_footer_widgets":"","ocean_shortcode_before_footer_bottom":"","ocean_shortcode_after_footer_bottom":"","ocean_display_top_bar":"default","ocean_display_header":"default","ocean_header_style":"","ocean_center_header_left_menu":"","ocean_custom_header_template":"","ocean_custom_logo":0,"ocean_custom_retina_logo":0,"ocean_custom_logo_max_width":0,"ocean_custom_logo_tablet_max_width":0,"ocean_custom_logo_mobile_max_width":0,"ocean_custom_logo_max_height":0,"ocean_custom_logo_tablet_max_height":0,"ocean_custom_logo_mobile_max_height":0,"ocean_header_custom_menu":"","ocean_menu_typo_font_family":"","ocean_menu_typo_font_subset":"","ocean_menu_typo_font_size":0,"ocean_menu_typo_font_size_tablet":0,"ocean_menu_typo_font_size_mobile":0,"ocean_menu_typo_font_size_unit":"px","ocean_menu_typo_font_weight":"","ocean_menu_typo_font_weight_tablet":"","ocean_menu_typo_font_weight_mobile":"","ocean_menu_typo_transform":"","ocean_menu_typo_transform_tablet":"","ocean_menu_typo_transform_mobile":"","ocean_menu_typo_line_height":0,"ocean_menu_typo_line_height_tablet":0,"ocean_menu_typo_line_height_mobile":0,"ocean_menu_typo_line_height_unit":"","ocean_menu_typo_spacing":0,"ocean_menu_typo_spacing_tablet":0,"ocean_menu_typo_spacing_mobile":0,"ocean_menu_typo_spacing_unit":"","ocean_menu_link_color":"","ocean_menu_link_color_hover":"","ocean_menu_link_color_active":"","ocean_menu_link_background":"","ocean_menu_link_hover_background":"","ocean_menu_link_active_background":"","ocean_menu_social_links_bg":"","ocean_menu_social_hover_links_bg":"","ocean_menu_social_links_color":"","ocean_menu_social_hover_links_color":"","ocean_disable_title":"default","ocean_disable_heading":"default","ocean_post_title":"","ocean_post_subheading":"","ocean_post_title_style":"","ocean_post_title_background_color":"","ocean_post_title_background":0,"ocean_post_title_bg_image_position":"","ocean_post_title_bg_image_attachment":"","ocean_post_title_bg_image_repeat":"","ocean_post_title_bg_image_size":"","ocean_post_title_height":0,"ocean_post_title_bg_overlay":0.5,"ocean_post_title_bg_overlay_color":"","ocean_disable_breadcrumbs":"default","ocean_breadcrumbs_color":"","ocean_breadcrumbs_separator_color":"","ocean_breadcrumbs_links_color":"","ocean_breadcrumbs_links_hover_color":"","ocean_display_footer_widgets":"default","ocean_display_footer_bottom":"default","ocean_custom_footer_template":"","_joinchat":[],"footnotes":""},"class_list":["post-1581","page","type-page","status-publish","hentry","entry"],"aioseo_notices":[],"_links":{"self":[{"href":"https:\/\/hammasvahti.fi\/fi\/wp-json\/wp\/v2\/pages\/1581","targetHints":{"allow":["GET"]}}],"collection":[{"href":"https:\/\/hammasvahti.fi\/fi\/wp-json\/wp\/v2\/pages"}],"about":[{"href":"https:\/\/hammasvahti.fi\/fi\/wp-json\/wp\/v2\/types\/page"}],"author":[{"embeddable":true,"href":"https:\/\/hammasvahti.fi\/fi\/wp-json\/wp\/v2\/users\/2"}],"replies":[{"embeddable":true,"href":"https:\/\/hammasvahti.fi\/fi\/wp-json\/wp\/v2\/comments?post=1581"}],"version-history":[{"count":61,"href":"https:\/\/hammasvahti.fi\/fi\/wp-json\/wp\/v2\/pages\/1581\/revisions"}],"predecessor-version":[{"id":2601,"href":"https:\/\/hammasvahti.fi\/fi\/wp-json\/wp\/v2\/pages\/1581\/revisions\/2601"}],"wp:attachment":[{"href":"https:\/\/hammasvahti.fi\/fi\/wp-json\/wp\/v2\/media?parent=1581"}],"curies":[{"name":"wp","href":"https:\/\/api.w.org\/{rel}","templated":true}]}}