{"id":1942,"date":"2025-01-29T16:56:33","date_gmt":"2025-01-29T16:56:33","guid":{"rendered":"https:\/\/hammasvahti.fi\/?page_id=1942"},"modified":"2025-01-29T17:01:39","modified_gmt":"2025-01-29T17:01:39","slug":"uutiset","status":"publish","type":"page","link":"https:\/\/hammasvahti.fi\/en\/uutiset\/","title":{"rendered":"News (In Finnish)"},"content":{"rendered":"<div data-elementor-type=\"wp-page\" data-elementor-id=\"1942\" class=\"elementor elementor-1942\">\n\t\t\t\t\t\t<section class=\"elementor-section elementor-top-section elementor-element elementor-element-c35e037 elementor-section-stretched elementor-section-boxed elementor-section-height-default elementor-section-height-default\" data-id=\"c35e037\" data-element_type=\"section\" data-e-type=\"section\" data-settings=\"{&quot;stretch_section&quot;:&quot;section-stretched&quot;,&quot;background_background&quot;:&quot;classic&quot;}\">\n\t\t\t\t\t\t<div class=\"elementor-container elementor-column-gap-default\">\n\t\t\t\t\t<div class=\"elementor-column elementor-col-100 elementor-top-column elementor-element elementor-element-a9d9a97\" data-id=\"a9d9a97\" data-element_type=\"column\" data-e-type=\"column\">\n\t\t\t<div class=\"elementor-widget-wrap elementor-element-populated\">\n\t\t\t\t\t\t<div class=\"elementor-element elementor-element-6f2326b elementor-widget elementor-widget-heading\" data-id=\"6f2326b\" data-element_type=\"widget\" data-e-type=\"widget\" data-widget_type=\"heading.default\">\n\t\t\t\t<div class=\"elementor-widget-container\">\n\t\t\t\t\t<h1 class=\"elementor-heading-title elementor-size-default\">Hammas&shy;vahdissa tapahtuu<\/h1>\t\t\t\t<\/div>\n\t\t\t\t<\/div>\n\t\t\t\t\t<\/div>\n\t\t<\/div>\n\t\t\t\t\t<\/div>\n\t\t<\/section>\n\t\t\t\t<section class=\"elementor-section elementor-top-section elementor-element elementor-element-e6ef17b elementor-section-boxed elementor-section-height-default elementor-section-height-default\" data-id=\"e6ef17b\" data-element_type=\"section\" data-e-type=\"section\">\n\t\t\t\t\t\t<div class=\"elementor-container elementor-column-gap-default\">\n\t\t\t\t\t<div class=\"elementor-column elementor-col-50 elementor-top-column elementor-element elementor-element-12354b8\" data-id=\"12354b8\" data-element_type=\"column\" data-e-type=\"column\">\n\t\t\t<div class=\"elementor-widget-wrap elementor-element-populated\">\n\t\t\t\t\t\t<div class=\"elementor-element elementor-element-043dfa1 elementor-grid-eael-col-3 elementor-grid-tablet-eael-col-2 elementor-grid-mobile-eael-col-1 elementor-widget elementor-widget-eael-post-grid\" data-id=\"043dfa1\" data-element_type=\"widget\" data-e-type=\"widget\" data-settings=\"{&quot;eael_post_grid_columns&quot;:&quot;eael-col-3&quot;,&quot;eael_post_grid_columns_tablet&quot;:&quot;eael-col-2&quot;,&quot;eael_post_grid_columns_mobile&quot;:&quot;eael-col-1&quot;}\" data-widget_type=\"eael-post-grid.default\">\n\t\t\t\t<div class=\"elementor-widget-container\">\n\t\t\t\t\t<div id=\"eael-post-grid-043dfa1\" class=\"eael-post-grid-container\">\n            <div class=\"eael-post-grid eael-post-appender eael-post-appender-043dfa1 eael-post-grid-style-three\" data-layout-mode=\"masonry\"><article class=\"eael-grid-post  eael-post-grid-column eael-pg-post-2667 category-uutiset\" data-id=\"2667\">\n        <div class=\"eael-grid-post-holder\">\n            <div class=\"eael-grid-post-holder-inner\"><div class=\"eael-entry-wrapper\"><header class=\"eael-entry-header\"><h2 class=\"eael-entry-title\"><a class=\"eael-grid-post-link\" href=\"https:\/\/hammasvahti.fi\/en\/tarkastus-ja-hammaskivenpoistotarjous\/\" title=\"Tarkastus- ja hammaskivenpoistotarjous\">Tarkastus- ja hammaskivenpoistotarjous<\/a><\/h2><\/header><div class=\"eael-entry-meta\"><span class=\"eael-posted-on\"><time datetime=\"April 25, 2026\">April 25, 2026<\/time><\/span><\/div><div class=\"eael-entry-content\">\n                        <div class=\"eael-grid-post-excerpt\"><p>Hammasl\u00e4\u00e4k\u00e4rin tarkastus ja suuhygienistin 45 minuutin hammaskivenpoisto yhteishintaan 149\u20ac Hinta...<\/p><a href=\"https:\/\/hammasvahti.fi\/en\/tarkastus-ja-hammaskivenpoistotarjous\/\" class=\"eael-post-elements-readmore-btn\">Lue lis\u00e4\u00e4<\/a><\/div>\n                    <\/div><\/div><\/div>\n        <\/div>\n    <\/article><article class=\"eael-grid-post  eael-post-grid-column eael-pg-post-2619 category-uutiset\" data-id=\"2619\">\n        <div class=\"eael-grid-post-holder\">\n            <div class=\"eael-grid-post-holder-inner\"><div class=\"eael-entry-wrapper\"><header class=\"eael-entry-header\"><h2 class=\"eael-entry-title\"><a class=\"eael-grid-post-link\" href=\"https:\/\/hammasvahti.fi\/en\/hammasvahdin-kevaan-2026-valkaisukampanja\/\" title=\"Hammasvahdin kev\u00e4\u00e4n 2026 valkaisukampanja!\">Hammasvahdin kev\u00e4\u00e4n 2026 valkaisukampanja!<\/a><\/h2><\/header><div class=\"eael-entry-meta\"><span class=\"eael-posted-on\"><time datetime=\"March 16, 2026\">March 16, 2026<\/time><\/span><\/div><div class=\"eael-entry-content\">\n                        <div class=\"eael-grid-post-excerpt\"><p>Allaolevat tarjoushinnat voimassa 30.4.2026 asti. Hampaiden vastaanottovalkaisut suuhygienistill\u00e4 30.4.2026 asti...<\/p><a href=\"https:\/\/hammasvahti.fi\/en\/hammasvahdin-kevaan-2026-valkaisukampanja\/\" class=\"eael-post-elements-readmore-btn\">Lue lis\u00e4\u00e4<\/a><\/div>\n                    <\/div><\/div><\/div>\n        <\/div>\n    <\/article><article class=\"eael-grid-post  eael-post-grid-column eael-pg-post-2493 category-uutiset\" data-id=\"2493\">\n        <div class=\"eael-grid-post-holder\">\n            <div class=\"eael-grid-post-holder-inner\"><div class=\"eael-entry-wrapper\"><header class=\"eael-entry-header\"><h2 class=\"eael-entry-title\"><a class=\"eael-grid-post-link\" href=\"https:\/\/hammasvahti.fi\/en\/ystavanpaivakampanja\/\" title=\"Yst\u00e4v\u00e4np\u00e4iv\u00e4kampanja\">Yst\u00e4v\u00e4np\u00e4iv\u00e4kampanja<\/a><\/h2><\/header><div class=\"eael-entry-meta\"><span class=\"eael-posted-on\"><time datetime=\"January 28, 2026\">January 28, 2026<\/time><\/span><\/div><div class=\"eael-entry-content\">\n                        <div class=\"eael-grid-post-excerpt\"><p>Suosittele Hammasvahtia jollekin, joka ei ole aiemmin k\u00e4ynyt meill\u00e4 ja...<\/p><a href=\"https:\/\/hammasvahti.fi\/en\/ystavanpaivakampanja\/\" class=\"eael-post-elements-readmore-btn\">Lue lis\u00e4\u00e4<\/a><\/div>\n                    <\/div><\/div><\/div>\n        <\/div>\n    <\/article><article class=\"eael-grid-post  eael-post-grid-column eael-pg-post-2448 category-asiakaskokemuksia-uutiset\" data-id=\"2448\">\n        <div class=\"eael-grid-post-holder\">\n            <div class=\"eael-grid-post-holder-inner\"><div class=\"eael-entry-wrapper\"><header class=\"eael-entry-header\"><h2 class=\"eael-entry-title\"><a class=\"eael-grid-post-link\" href=\"https:\/\/hammasvahti.fi\/en\/benjamin-pietila-sai-nopeasti-apua\/\" title=\"Benjamin Pietil\u00e4 sai nopeasti apua\">Benjamin Pietil\u00e4 sai nopeasti apua<\/a><\/h2><\/header><div class=\"eael-entry-meta\"><span class=\"eael-posted-on\"><time datetime=\"December 8, 2025\">December 8, 2025<\/time><\/span><\/div><div class=\"eael-entry-content\">\n                        <div class=\"eael-grid-post-excerpt\"><p>Hammas&shy;tapaturma kesken turnauksen \u2013 K\u00e4rppien nuori keskus&shy;hy\u00f6kk\u00e4\u00e4j\u00e4 Benjamin Pietil\u00e4 sai...<\/p><a href=\"https:\/\/hammasvahti.fi\/en\/benjamin-pietila-sai-nopeasti-apua\/\" class=\"eael-post-elements-readmore-btn\">Lue lis\u00e4\u00e4<\/a><\/div>\n                    <\/div><\/div><\/div>\n        <\/div>\n    <\/article><article class=\"eael-grid-post  eael-post-grid-column eael-pg-post-2403 category-uutiset\" data-id=\"2403\">\n        <div class=\"eael-grid-post-holder\">\n            <div class=\"eael-grid-post-holder-inner\"><div class=\"eael-entry-wrapper\"><header class=\"eael-entry-header\"><h2 class=\"eael-entry-title\"><a class=\"eael-grid-post-link\" href=\"https:\/\/hammasvahti.fi\/en\/hammassuojat-urheilijalle\/\" title=\"Hammassuojat urheilijalle\">Hammassuojat urheilijalle<\/a><\/h2><\/header><div class=\"eael-entry-meta\"><span class=\"eael-posted-on\"><time datetime=\"November 25, 2025\">November 25, 2025<\/time><\/span><\/div><div class=\"eael-entry-content\">\n                        <div class=\"eael-grid-post-excerpt\"><p>Yksil\u00f6lliset hammassuojat urheiluun Hammasvahdista saat yksil\u00f6lliset hammassuojaan urheiluun kuten esimerkiksi...<\/p><a href=\"https:\/\/hammasvahti.fi\/en\/hammassuojat-urheilijalle\/\" class=\"eael-post-elements-readmore-btn\">Lue lis\u00e4\u00e4<\/a><\/div>\n                    <\/div><\/div><\/div>\n        <\/div>\n    <\/article><article class=\"eael-grid-post  eael-post-grid-column eael-pg-post-2381 category-asiakaskokemuksia-uutiset\" data-id=\"2381\">\n        <div class=\"eael-grid-post-holder\">\n            <div class=\"eael-grid-post-holder-inner\"><div class=\"eael-entry-wrapper\"><header class=\"eael-entry-header\"><h2 class=\"eael-entry-title\"><a class=\"eael-grid-post-link\" href=\"https:\/\/hammasvahti.fi\/en\/yksi-vilkaisu-paljasti-piilevan-ongelman-miran-asiakaskokemus\/\" title=\"Yksi vilkaisu paljasti piilev\u00e4n ongelman \u2013 Miran asiakaskokemus\">Yksi vilkaisu paljasti piilev\u00e4n ongelman \u2013 Miran asiakaskokemus<\/a><\/h2><\/header><div class=\"eael-entry-meta\"><span class=\"eael-posted-on\"><time datetime=\"October 16, 2025\">October 16, 2025<\/time><\/span><\/div><div class=\"eael-entry-content\">\n                        <div class=\"eael-grid-post-excerpt\"><p>Mira Huttunen oli k\u00e4ynyt useilla hammasl\u00e4\u00e4k\u00e4reill\u00e4 ilman, ett\u00e4 kukaan huomasi...<\/p><a href=\"https:\/\/hammasvahti.fi\/en\/yksi-vilkaisu-paljasti-piilevan-ongelman-miran-asiakaskokemus\/\" class=\"eael-post-elements-readmore-btn\">Lue lis\u00e4\u00e4<\/a><\/div>\n                    <\/div><\/div><\/div>\n        <\/div>\n    <\/article><article class=\"eael-grid-post  eael-post-grid-column eael-pg-post-2311 category-uutiset\" data-id=\"2311\">\n        <div class=\"eael-grid-post-holder\">\n            <div class=\"eael-grid-post-holder-inner\"><div class=\"eael-entry-wrapper\"><header class=\"eael-entry-header\"><h2 class=\"eael-entry-title\"><a class=\"eael-grid-post-link\" href=\"https:\/\/hammasvahti.fi\/en\/syksyn-teemapaivat-maksuttomat-konsultaatiot-oikomishoidosta-ja-implanteista\/\" title=\"Syksyn teemap\u00e4iv\u00e4t: maksuttomat konsultaatiot oikomishoidosta ja implanteista\">Syksyn teemap\u00e4iv\u00e4t: maksuttomat konsultaatiot oikomishoidosta ja implanteista<\/a><\/h2><\/header><div class=\"eael-entry-meta\"><span class=\"eael-posted-on\"><time datetime=\"September 1, 2025\">September 1, 2025<\/time><\/span><\/div><div class=\"eael-entry-content\">\n                        <div class=\"eael-grid-post-excerpt\"><p>Syyskuussa Hammasvahdilla j\u00e4rjestet\u00e4\u00e4n kaksi erikoisp\u00e4iv\u00e4\u00e4, joissa tarjoamme maksuttoman mahdollisuuden keskustella...<\/p><a href=\"https:\/\/hammasvahti.fi\/en\/syksyn-teemapaivat-maksuttomat-konsultaatiot-oikomishoidosta-ja-implanteista\/\" class=\"eael-post-elements-readmore-btn\">Lue lis\u00e4\u00e4<\/a><\/div>\n                    <\/div><\/div><\/div>\n        <\/div>\n    <\/article><article class=\"eael-grid-post  eael-post-grid-column eael-pg-post-2292 category-uutiset\" data-id=\"2292\">\n        <div class=\"eael-grid-post-holder\">\n            <div class=\"eael-grid-post-holder-inner\"><div class=\"eael-entry-wrapper\"><header class=\"eael-entry-header\"><h2 class=\"eael-entry-title\"><a class=\"eael-grid-post-link\" href=\"https:\/\/hammasvahti.fi\/en\/hammasvahti-luottaa-osaamiseen-ja-palveluun-nykyaikaisen-klinikan-vahvuus-on-teknologian-hyodyntamisessa\/\" title=\"Hammasvahti luottaa osaamiseen ja palveluun &#8211; nykyaikaisen klinikan vahvuus on teknologian hy\u00f6dynt\u00e4misess\u00e4\">Hammasvahti luottaa osaamiseen ja palveluun &#8211; nykyaikaisen klinikan vahvuus on teknologian hy\u00f6dynt\u00e4misess\u00e4<\/a><\/h2><\/header><div class=\"eael-entry-meta\"><span class=\"eael-posted-on\"><time datetime=\"June 28, 2025\">June 28, 2025<\/time><\/span><\/div><div class=\"eael-entry-content\">\n                        <div class=\"eael-grid-post-excerpt\"><p>Hammasvahdin toinen toimintavuosi on jo hyv\u00e4ss\u00e4 vauhdissa. Edellisvuonna asennetut laitteet...<\/p><a href=\"https:\/\/hammasvahti.fi\/en\/hammasvahti-luottaa-osaamiseen-ja-palveluun-nykyaikaisen-klinikan-vahvuus-on-teknologian-hyodyntamisessa\/\" class=\"eael-post-elements-readmore-btn\">Lue lis\u00e4\u00e4<\/a><\/div>\n                    <\/div><\/div><\/div>\n        <\/div>\n    <\/article><article class=\"eael-grid-post  eael-post-grid-column eael-pg-post-2187 category-asiakaskokemuksia-uutiset\" data-id=\"2187\">\n        <div class=\"eael-grid-post-holder\">\n            <div class=\"eael-grid-post-holder-inner\"><div class=\"eael-entry-wrapper\"><header class=\"eael-entry-header\"><h2 class=\"eael-entry-title\"><a class=\"eael-grid-post-link\" href=\"https:\/\/hammasvahti.fi\/en\/karppien-teemu-turunen-en-olisi-voinut-pyytaa-parempaa-hoitoa\/\" title=\"K\u00e4rppien Teemu Turunen: &#8221;En olisi voinut pyyt\u00e4\u00e4 parempaa hoitoa.&#8221;\">K\u00e4rppien Teemu Turunen: &#8221;En olisi voinut pyyt\u00e4\u00e4 parempaa hoitoa.&#8221;<\/a><\/h2><\/header><div class=\"eael-entry-meta\"><span class=\"eael-posted-on\"><time datetime=\"April 1, 2025\">April 1, 2025<\/time><\/span><\/div><div class=\"eael-entry-content\">\n                        <div class=\"eael-grid-post-excerpt\"><p>Oulun K\u00e4rppien laitahy\u00f6kk\u00e4\u00e4j\u00e4 ja varakapteeni Teemu Turunen on tottunut huippuammattilaisten...<\/p><a href=\"https:\/\/hammasvahti.fi\/en\/karppien-teemu-turunen-en-olisi-voinut-pyytaa-parempaa-hoitoa\/\" class=\"eael-post-elements-readmore-btn\">Lue lis\u00e4\u00e4<\/a><\/div>\n                    <\/div><\/div><\/div>\n        <\/div>\n    <\/article><\/div>\n            <div class=\"clearfix\"><\/div>\n        <\/div>            <div class=\"eael-load-more-button-wrap eael-force-hide\">\n                <button class=\"eael-load-more-button\" id=\"eael-load-more-btn-043dfa1\" data-widget-id=\"043dfa1\" data-widget=\"043dfa1\" data-page-id=\"1942\" data-template=\"{&quot;dir&quot;:&quot;lite&quot;,&quot;file_name&quot;:&quot;three.php&quot;,&quot;name&quot;:&quot;Post-Grid&quot;}\" data-class=\"Essential_Addons_Elementor\\Elements\\Post_Grid\" data-layout=\"masonry\" data-page=\"1\" data-args=\"orderby=date&amp;order=desc&amp;ignore_sticky_posts=1&amp;post_status=publish&amp;posts_per_page=9&amp;offset=0&amp;post_type=post&amp;tax_query%5B0%5D%5Btaxonomy%5D=category&amp;tax_query%5B0%5D%5Bfield%5D=term_id&amp;tax_query%5B0%5D%5Bterms%5D%5B0%5D=1&amp;tax_query%5Brelation%5D=AND\" data-max-page=\"3\">\n                    <span class=\"eael-btn-loader button__loader\"><\/span>\n                    <span class=\"eael_load_more_text\">Load More<\/span>\n                <\/button>\n            <\/div>\n            \t\t\t\t<\/div>\n\t\t\t\t<\/div>\n\t\t\t\t\t<\/div>\n\t\t<\/div>\n\t\t\t\t<div class=\"elementor-column elementor-col-50 elementor-top-column elementor-element elementor-element-b538972\" data-id=\"b538972\" data-element_type=\"column\" data-e-type=\"column\">\n\t\t\t<div class=\"elementor-widget-wrap elementor-element-populated\">\n\t\t\t\t\t\t<div class=\"elementor-element elementor-element-b1662d3 elementor-widget elementor-widget-wp-widget-recent-posts\" data-id=\"b1662d3\" data-element_type=\"widget\" data-e-type=\"widget\" data-widget_type=\"wp-widget-recent-posts.default\">\n\t\t\t\t<div class=\"elementor-widget-container\">\n\t\t\t\t\t\n\t\t\n\t\t<h5>Viimeisimm\u00e4t uutiset &#038; artikkelit<\/h5>\n\t\t<ul>\n\t\t\t\t\t\t\t\t\t\t\t<li>\n\t\t\t\t\t<a href=\"https:\/\/hammasvahti.fi\/en\/tarkastus-ja-hammaskivenpoistotarjous\/\">Tarkastus- ja hammaskivenpoistotarjous<\/a>\n\t\t\t\t\t\t\t\t\t<\/li>\n\t\t\t\t\t\t\t\t\t\t\t<li>\n\t\t\t\t\t<a href=\"https:\/\/hammasvahti.fi\/en\/hymy-kuntoon\/\">Hymy kuntoon &#8211; kauniiden hampaiden salaisuus<\/a>\n\t\t\t\t\t\t\t\t\t<\/li>\n\t\t\t\t\t\t\t\t\t\t\t<li>\n\t\t\t\t\t<a href=\"https:\/\/hammasvahti.fi\/en\/hammasvahdin-kevaan-2026-valkaisukampanja\/\">Hammasvahdin kev\u00e4\u00e4n 2026 valkaisukampanja!<\/a>\n\t\t\t\t\t\t\t\t\t<\/li>\n\t\t\t\t\t\t\t\t\t\t\t<li>\n\t\t\t\t\t<a href=\"https:\/\/hammasvahti.fi\/en\/kaikki-hampaiden-paikkauksesta\/\">Kaikki hampaiden paikkauksesta \u2013 Milloin, miten ja mill\u00e4 materiaalilla?<\/a>\n\t\t\t\t\t\t\t\t\t<\/li>\n\t\t\t\t\t\t\t\t\t\t\t<li>\n\t\t\t\t\t<a href=\"https:\/\/hammasvahti.fi\/en\/hampaan-juurihoito\/\">Hampaan juurihoito<\/a>\n\t\t\t\t\t\t\t\t\t<\/li>\n\t\t\t\t\t<\/ul>\n\n\t\t\t\t\t\t<\/div>\n\t\t\t\t<\/div>\n\t\t\t\t\t<\/div>\n\t\t<\/div>\n\t\t\t\t\t<\/div>\n\t\t<\/section>\n\t\t\t\t<section class=\"elementor-section elementor-top-section elementor-element elementor-element-1d4fc16 elementor-section-boxed elementor-section-height-default elementor-section-height-default\" data-id=\"1d4fc16\" data-element_type=\"section\" data-e-type=\"section\">\n\t\t\t\t\t\t<div class=\"elementor-container elementor-column-gap-default\">\n\t\t\t\t\t<div class=\"elementor-column elementor-col-100 elementor-top-column elementor-element elementor-element-e00c579\" data-id=\"e00c579\" data-element_type=\"column\" data-e-type=\"column\">\n\t\t\t<div class=\"elementor-widget-wrap\">\n\t\t\t\t\t\t\t<\/div>\n\t\t<\/div>\n\t\t\t\t\t<\/div>\n\t\t<\/section>\n\t\t\t\t<\/div>","protected":false},"excerpt":{"rendered":"<p>Hammas&shy;vahdissa tapahtuu Hammasvahdin 1.v syntym\u00e4p\u00e4iv\u00e4kahvit 5.2.2025! 27 tammikuun, 2025 Hammasvahdilla on 1-vuotissyntym\u00e4p\u00e4iv\u00e4 5.2.2025, jolloin tulee vuosi vastaanoton avaamisesta. Alun&#8230; Lue lis\u00e4\u00e4 Hammasvahti mukana Hammaspaikat -yhteisty\u00f6verkostossa 10 tammikuun, 2025 Hammasvahti on mukana Hammaspaikat yhteisty\u00f6verkostossa. Kyseess\u00e4 ei ole ketju, vaan&#8230; Lue lis\u00e4\u00e4 Hammasvahti yhteisty\u00f6h\u00f6n AC Oulun kanssa 2 tammikuun, 2025 Hammasvahti tarjoaa hammasl\u00e4\u00e4k\u00e4ripalvelut AC Oululle kaudella 2025 [&hellip;]<\/p>\n","protected":false},"author":2,"featured_media":0,"parent":0,"menu_order":0,"comment_status":"closed","ping_status":"closed","template":"","meta":{"ocean_post_layout":"","ocean_both_sidebars_style":"","ocean_both_sidebars_content_width":0,"ocean_both_sidebars_sidebars_width":0,"ocean_sidebar":"","ocean_second_sidebar":"","ocean_disable_margins":"enable","ocean_add_body_class":"","ocean_shortcode_before_top_bar":"","ocean_shortcode_after_top_bar":"","ocean_shortcode_before_header":"","ocean_shortcode_after_header":"","ocean_has_shortcode":"","ocean_shortcode_after_title":"","ocean_shortcode_before_footer_widgets":"","ocean_shortcode_after_footer_widgets":"","ocean_shortcode_before_footer_bottom":"","ocean_shortcode_after_footer_bottom":"","ocean_display_top_bar":"default","ocean_display_header":"default","ocean_header_style":"","ocean_center_header_left_menu":"","ocean_custom_header_template":"","ocean_custom_logo":0,"ocean_custom_retina_logo":0,"ocean_custom_logo_max_width":0,"ocean_custom_logo_tablet_max_width":0,"ocean_custom_logo_mobile_max_width":0,"ocean_custom_logo_max_height":0,"ocean_custom_logo_tablet_max_height":0,"ocean_custom_logo_mobile_max_height":0,"ocean_header_custom_menu":"","ocean_menu_typo_font_family":"","ocean_menu_typo_font_subset":"","ocean_menu_typo_font_size":0,"ocean_menu_typo_font_size_tablet":0,"ocean_menu_typo_font_size_mobile":0,"ocean_menu_typo_font_size_unit":"px","ocean_menu_typo_font_weight":"","ocean_menu_typo_font_weight_tablet":"","ocean_menu_typo_font_weight_mobile":"","ocean_menu_typo_transform":"","ocean_menu_typo_transform_tablet":"","ocean_menu_typo_transform_mobile":"","ocean_menu_typo_line_height":0,"ocean_menu_typo_line_height_tablet":0,"ocean_menu_typo_line_height_mobile":0,"ocean_menu_typo_line_height_unit":"","ocean_menu_typo_spacing":0,"ocean_menu_typo_spacing_tablet":0,"ocean_menu_typo_spacing_mobile":0,"ocean_menu_typo_spacing_unit":"","ocean_menu_link_color":"","ocean_menu_link_color_hover":"","ocean_menu_link_color_active":"","ocean_menu_link_background":"","ocean_menu_link_hover_background":"","ocean_menu_link_active_background":"","ocean_menu_social_links_bg":"","ocean_menu_social_hover_links_bg":"","ocean_menu_social_links_color":"","ocean_menu_social_hover_links_color":"","ocean_disable_title":"default","ocean_disable_heading":"default","ocean_post_title":"","ocean_post_subheading":"","ocean_post_title_style":"","ocean_post_title_background_color":"","ocean_post_title_background":0,"ocean_post_title_bg_image_position":"","ocean_post_title_bg_image_attachment":"","ocean_post_title_bg_image_repeat":"","ocean_post_title_bg_image_size":"","ocean_post_title_height":0,"ocean_post_title_bg_overlay":0.5,"ocean_post_title_bg_overlay_color":"","ocean_disable_breadcrumbs":"default","ocean_breadcrumbs_color":"","ocean_breadcrumbs_separator_color":"","ocean_breadcrumbs_links_color":"","ocean_breadcrumbs_links_hover_color":"","ocean_display_footer_widgets":"default","ocean_display_footer_bottom":"default","ocean_custom_footer_template":"","_joinchat":[],"footnotes":""},"class_list":["post-1942","page","type-page","status-publish","hentry","entry","has-media"],"aioseo_notices":[],"_links":{"self":[{"href":"https:\/\/hammasvahti.fi\/en\/wp-json\/wp\/v2\/pages\/1942","targetHints":{"allow":["GET"]}}],"collection":[{"href":"https:\/\/hammasvahti.fi\/en\/wp-json\/wp\/v2\/pages"}],"about":[{"href":"https:\/\/hammasvahti.fi\/en\/wp-json\/wp\/v2\/types\/page"}],"author":[{"embeddable":true,"href":"https:\/\/hammasvahti.fi\/en\/wp-json\/wp\/v2\/users\/2"}],"replies":[{"embeddable":true,"href":"https:\/\/hammasvahti.fi\/en\/wp-json\/wp\/v2\/comments?post=1942"}],"version-history":[{"count":4,"href":"https:\/\/hammasvahti.fi\/en\/wp-json\/wp\/v2\/pages\/1942\/revisions"}],"predecessor-version":[{"id":1946,"href":"https:\/\/hammasvahti.fi\/en\/wp-json\/wp\/v2\/pages\/1942\/revisions\/1946"}],"wp:attachment":[{"href":"https:\/\/hammasvahti.fi\/en\/wp-json\/wp\/v2\/media?parent=1942"}],"curies":[{"name":"wp","href":"https:\/\/api.w.org\/{rel}","templated":true}]}}