{"id":263,"date":"2023-10-30T12:21:49","date_gmt":"2023-10-30T12:21:49","guid":{"rendered":"http:\/\/hammasvahti.fi\/?page_id=263"},"modified":"2024-09-25T16:36:36","modified_gmt":"2024-09-25T16:36:36","slug":"potilasrekisteri-tietosuojaseloste","status":"publish","type":"page","link":"http:\/\/hammasvahti.fi\/en\/potilasrekisteri-tietosuojaseloste\/","title":{"rendered":"Potilasrekisteri &#8211; tietosuojaseloste"},"content":{"rendered":"<p>T\u00e4m\u00e4 on Hammasvahti Oy:n EU:n yleisen tietosuoja-asetuksen (GDPR) mukainen<br>rekisteri- ja tietosuojaseloste. Laadittu 30.10.2023. Viimeisin muutos 25.9.2024.<\/p>\n\n\n\n<h2 class=\"wp-block-heading\">Rekisterinpit\u00e4j\u00e4<\/h2>\n\n\n\n<p><br>Hammasvahti Oy, Isokatu 32, 90100 Oulu<\/p>\n\n\n\n<p>Puhelin: 010 7399 111 (vastaanoton numero)<\/p>\n\n\n\n<h2 class=\"wp-block-heading\">Contact us<\/h2>\n\n\n\n<p><br>Tietosuojavastaava Henna Saarenp\u00e4\u00e4<br>tietosuojavastaava@hammasvahti.fi<\/p>\n\n\n\n<p>Voit halutessasi j\u00e4tt\u00e4\u00e4 yhteydenottopyynn\u00f6n vastaanoton puhelinnumeroon 010 73 99 111.<\/p>\n\n\n\n<h2 class=\"wp-block-heading\">Rekisterin nimi<\/h2>\n\n\n\n<p><br>Hammasvahti Oy:n Potilasrekisteri<\/p>\n\n\n\n<h2 class=\"wp-block-heading\">Oikeusperuste ja henkil\u00f6tietojen k\u00e4sittelyn tarkoitus<\/h2>\n\n\n\n<p><br>EU:n yleisen tietosuoja-asetuksen mukainen oikeusperuste henkil\u00f6tietojen k\u00e4sittelylle on<br>laki ja henkil\u00f6n suostumus.<br>Henkil\u00f6tietojen k\u00e4sittelyn tarkoitus on potilaan hoidon suunnittelu, toteutus ja seuranta.<br>Yhteisrekisterinpitoon perustuen potilaiden henkil\u00f6tietoja voivat k\u00e4sitell\u00e4 Hammasvahti<br>Oy:n lukuun ty\u00f6suhteessa, itsen\u00e4isin\u00e4 ammatinharjoittajina tai erillisten yritysten kautta<br>palveluntuottajina toimivat suun terveydenhuollon ammattihenkil\u00f6t. Hammasvahti Oy:n<br>tiloissa voi toimia itsen\u00e4isi\u00e4 suun terveydenhuollon ammatinharjoittajia, yrityksen\u00e4 toimivia<br>hammasl\u00e4\u00e4k\u00e4reit\u00e4 sek\u00e4 ty\u00f6suhteisia hammasl\u00e4\u00e4k\u00e4reit\u00e4 ja hoitohenkil\u00f6st\u00f6\u00e4.<br>Potilaan henkil\u00f6tietoja voivat k\u00e4sitell\u00e4 kaikki ne Hammasvahti Oy:n palveluita tarjoavat<br>suun terveydenhuollon ammattihenkil\u00f6t, jotka osallistuvat hoidon suunnitteluun,<br>toteutukseen ja seurantaan.<br>Asiakkaalla on halutessaan oikeus rajoittaa omien tietojensa k\u00e4sittely\u00e4 eri Hammasvahti<br>Oy:n lukuun toimivien tahojen osalta. Asiakasta pyydet\u00e4\u00e4n kiinnitt\u00e4m\u00e4\u00e4n huomiota siihen,<br>ett\u00e4 tietojen n\u00e4kyvyyden rajaaminen voi johtaa hoidon kannalta puutteelliseen<br>informaatioon, mik\u00e4 voi aiheuttaa riskin h\u00e4nen hoitonsa laadussa ja<br>potilasturvallisuudessa.<br>Tietoja ei k\u00e4ytet\u00e4 automatisoituun p\u00e4\u00e4t\u00f6ksentekoon tai profilointiin.<\/p>\n\n\n\n<h2 class=\"wp-block-heading\">Rekisterin tietosis\u00e4lt\u00f6<\/h2>\n\n\n\n<p><br>Rekisteriin tallennettavia tietoja voivat olla:<br>\u25cf Potilaan nimi, henkil\u00f6tunnus, yhteystiedot.<br>\u25cf Mahdolliset vakuutus- tai ty\u00f6nantajatiedot.<br>\u25cf Potilaan nime\u00e4m\u00e4 l\u00e4hiomainen, alaik\u00e4isen potilaan huoltaja, potilaan laillinen<br>edustaja.<br>\u25cf Potilaan hammashoidon j\u00e4rjest\u00e4misen, suunnittelun, toteuttamisen ja seurannan<br>turvaamiseksi tarpeelliset tiedot, kuten tutkimuksessa ja hoidossa syntyv\u00e4t<br>terveystiedot sek\u00e4 esitiedot.<br>\u25cf Mahdolliset tietojen luovutuksia koskevat tiedot ja luovutusten perusteet.<br>\u25cf Tieto siit\u00e4, salliiko potilas muiden Hammasvahdissa ty\u00f6skentelevien henkil\u00f6iden tai<br>palveluntuottajien n\u00e4hd\u00e4 toistensa laatimat potilaskertomustiedot.<br>\u25cf Potilaan hoitoon osallistuvan henkil\u00f6st\u00f6n tiedot ja potilaan ajanvaraustiedot.<br>\u25cf Potilaan tutkimuksessa ja hoidossa syntyv\u00e4t laboratorio-, kuvantamis-, ynn\u00e4 muut<br>vastaavat terveydelliset tutkimustulokset.<br>Rekisterin tietoja s\u00e4ilytet\u00e4\u00e4n noudattaen lakia ja asetusta potilasasiakirjojen<br>s\u00e4ilytt\u00e4misest\u00e4 niin kauan kuin ne ovat tarpeellisia tarkoituksensa toteuttamiseksi tai<br>rekisterinpit\u00e4j\u00e4n lakis\u00e4\u00e4teisten velvoitteiden noudattamiseksi.<\/p>\n\n\n\n<h2 class=\"wp-block-heading\">S\u00e4\u00e4nn\u00f6nmukaiset tietol\u00e4hteet<\/h2>\n\n\n\n<p><br>Rekisteriin tallennettavat tiedot saadaan potilaalta itselt\u00e4\u00e4n, potilaan huoltajalta, potilaan<br>lailliselta edustajalta tai l\u00e4hiomaiselta suullisesti, kirjallisesti, esitietolomakkeen kautta,<br>s\u00e4hk\u00f6postitse, puhelimitse tai muuta kautta josta potilasta koskevia tietoja voi tulla.<br>Lis\u00e4ksi hoitoon liittyvi\u00e4 potilastietoja lakiin tai potilaan suostumukseen perustuen voi<br>toimittaa muu hoitopaikka, vakuutusyhti\u00f6, ty\u00f6nantaja tai muu taho jolla potilastietoja voi<br>mahdollisesti olla tai tietoja voidaan saada Kanta -arkistosta.<\/p>\n\n\n\n<h2 class=\"wp-block-heading\">Tietojen s\u00e4\u00e4nn\u00f6nmukaiset luovutukset ja tietojen siirto EU:n tai<br>ETA:n ulkopuolelle<\/h2>\n\n\n\n<p><br>Potilastiedot ovat salassa pidett\u00e4vi\u00e4 ja henkil\u00f6kunnalla on salassapitovelvollisuus.<br>Potilastietoja voidaan luovuttaa:<\/p>\n\n\n\n<p><br>\u25cf Potilaan tai h\u00e4nen laillisen edustajansa suostumuksella.<br>\u25cf Nimenomaisen lains\u00e4\u00e4nn\u00f6ksen nojalla.<\/p>\n\n\n\n<p><br>Potilastietoja voidaan luovuttaa ainoastaan rekister\u00f6idyn suostumuksella tai<br>lains\u00e4\u00e4d\u00e4nn\u00f6n perusteella.<br><br>S\u00e4\u00e4nn\u00f6nmukaisia luovutuksensaajia voivat olla muun muassa seuraavat<\/p>\n\n\n\n<p>\u25cf Potilastietoja luovutetaan s\u00e4\u00e4nn\u00f6nmukaisesti Kansanel\u00e4kelaitokselle (KELA) sen<br>yll\u00e4pit\u00e4m\u00e4\u00e4 Kanta-palveluiden Potilastiedon arkistoa sek\u00e4 s\u00e4hk\u00f6ist\u00e4 Reseptikeskusta<br>varten Sosiaali- ja terveydenhuollon asiakastietojen s\u00e4hk\u00f6isest\u00e4 k\u00e4sittelyst\u00e4 annetun<br>lain mukaisesti.<br>\u25cf Potilastietoja voidaan luovuttaa Kansanel\u00e4kelaitokselle mahdollista hammashoidon<br>korvauksenhakua varten.<\/p>\n\n\n\n<p><br>Lis\u00e4ksi asiakas- ja potilastietoja voidaan luovuttaa Asiakkaan suostumukseen tai lakiin<br>perustuvan oikeuden tai velvollisuuden perusteella seuraaville tahoille:<br><\/p>\n\n\n\n<p>\u25cf Muulle terveydenhuollon toimintayksik\u00f6lle tai ammattihenkil\u00f6lle potilaan<br>suostumuksella.<br>\u25cf Lakis\u00e4\u00e4teisten vakuutusten osalta vakuutusyhti\u00f6lle voidaan luovuttaa tarpeellisia<br>tietoja suoraan lakiin perustuen ilman Asiakkaan suostumusta. Vapaaehtoisten<br>vakuutusten osalta tarpeellisia tietoja voidaan luovuttaa ainoastaan potilaan<br>suostumuksella.<br>\u25cf L\u00e4hiomaisille silloin, kun potilas on tajuttomana tai muun verrattavan syyn vuoksi,<br>eik\u00e4 kykene ilmaisemaan itse\u00e4\u00e4n, ellei ole syyt\u00e4 olettaa, ett\u00e4 potilas on kielt\u00e4nyt<br>tietojen luovutuksen.<br>\u25cf Tieteelliseen tutkimukseen potilaan suostumuksella tai lakiin perustuen.<\/p>\n\n\n\n<p><br>Salassapitos\u00e4\u00e4nn\u00f6sten est\u00e4m\u00e4tt\u00e4 erityiss\u00e4\u00e4nn\u00f6ksen perusteella tuomioistuimille ja muille<br>viranomaisille, jotka k\u00e4sittelev\u00e4t niille luovutettuja salassa pidett\u00e4vi\u00e4 tietoja lakis\u00e4\u00e4teisten<br>teht\u00e4viens\u00e4 toteuttamiseksi ja ainoastaan laissa s\u00e4\u00e4dettyihin tarkoituksiin.<br>Rekisterinpit\u00e4j\u00e4 informoi saamistaan tietopyynn\u00f6ist\u00e4 pyynn\u00f6n kohteena olevaa<br>Rekister\u00f6ity\u00e4, jos se on tiedon luovuttamiseen velvoittava lains\u00e4\u00e4d\u00e4nt\u00f6 ja luovuttamisen<br>k\u00e4ytt\u00f6tarkoitus huomioiden sallittua.<br>Henkil\u00f6tietojen k\u00e4sittely\u00e4 voidaan ulkoistaa EU:n yleisen tietosuoja-asetuksen mukaisin<br>sopimusehdoin Hammasvahti Oy:n ulkopuolisille palveluntarjoajille, jos se on tarpeen<br>potilaan hoidon toteuttamiseksi (esim. hammasteknikon palvelut, diagnostiset<br>tutkimukset). T\u00e4llaiset palveluntarjoajat k\u00e4sittelev\u00e4t henkil\u00f6tietoja henkil\u00f6tietojen<br>k\u00e4sittelij\u00f6in\u00e4 Hammasvahdin lukuun, Hammasvahti Oy:n antamien ohjeiden ja<br>m\u00e4\u00e4r\u00e4ysten mukaisesti.<br>Tietoja ei siirret\u00e4 EU:n tai ETA-alueen ulkopuolelle ilman asiakkaan suostumusta.<\/p>\n\n\n\n<h2 class=\"wp-block-heading\">Rekisterin suojauksen periaatteet<\/h2>\n\n\n\n<p><br>Potilastiedot on s\u00e4\u00e4detty salassa pidett\u00e4viksi. Potilastietoja ei saa luovuttaa sivullisille.<br>Potilastietoja voivat k\u00e4ytt\u00e4\u00e4 ainoastaan asianomaisessa toimintayksik\u00f6ss\u00e4 tai sen<br>toimeksiannosta potilasta hoitavat tai siihen liittyviin teht\u00e4viin osallistuvat henkil\u00f6t.<br>Potilastietoja saa k\u00e4sitell\u00e4 vain hoidon suunnitteluun, toteutukseen ja seurantaan<br>osallistuva henkil\u00f6st\u00f6, jolla on lakis\u00e4\u00e4teinen salassapitovelvollisuus koskien kaikkea<br>potilaan hoidon yhteydess\u00e4 saamaansa tietoa. Rekisterinpit\u00e4j\u00e4 my\u00f6nt\u00e4\u00e4 k\u00e4ytt\u00f6oikeudet<br>potilasrekisteritietoihin siin\u00e4 laajuudessa kuin teht\u00e4v\u00e4t sit\u00e4 edellytt\u00e4v\u00e4t.<\/p>\n\n\n\n<p>Mahdolliset muut kuin s\u00e4hk\u00f6iset tiedot ja materiaalit s\u00e4ilytet\u00e4\u00e4n lukituissa ja valvotuissa<br>tiloissa ja pyrit\u00e4\u00e4n ensisijaisesti tallentamaan s\u00e4hk\u00f6isin\u00e4. S\u00e4hk\u00f6isesti k\u00e4sitelt\u00e4viin tietoihin<br>on p\u00e4\u00e4sy vain siihen oikeutetun henkil\u00f6n henkil\u00f6kohtaisella k\u00e4ytt\u00e4j\u00e4tunnuksella ja<br>salasanalla. Potilastietojen k\u00e4ytt\u00f6\u00e4 voidaan valvoa lokitietoja seuraamalla.<br>Rekisterin k\u00e4sittelyss\u00e4 noudatetaan huolellisuutta ja tietoj\u00e4rjestelmien avulla k\u00e4sitelt\u00e4v\u00e4t<br>tiedot suojataan asianmukaisesti. Kun rekisteritietoja s\u00e4ilytet\u00e4\u00e4n Internet-palvelimilla,<br>niiden laitteiston fyysisest\u00e4 ja digitaalisesta tietoturvasta huolehditaan asiaankuuluvasti.<br>Rekisterinpit\u00e4j\u00e4 huolehtii siit\u00e4, ett\u00e4 tallennettuja tietoja sek\u00e4 palvelimien k\u00e4ytt\u00f6oikeuksia ja<br>muita henkil\u00f6tietojen turvallisuuden kannalta kriittisi\u00e4 tietoja k\u00e4sitell\u00e4\u00e4n luottamuksellisesti<br>ja vain niiden henkil\u00f6iden toimesta, joiden teht\u00e4viin se kuuluu.<\/p>\n\n\n\n<h2 class=\"wp-block-heading\">Tarkastusoikeus ja oikeus vaatia tiedon korjaamista<\/h2>\n\n\n\n<p><br>Jokaisella rekisteriss\u00e4 olevalla henkil\u00f6ll\u00e4 on oikeus tarkistaa rekisteriin tallennetut tietonsa<br>ja vaatia mahdollisen virheellisen tiedon korjaamista tai puutteellisen tiedon<br>t\u00e4ydent\u00e4mist\u00e4. Mik\u00e4li henkil\u00f6 haluaa tarkistaa h\u00e4nest\u00e4 tallennetut tiedot tai vaatia niihin<br>oikaisua, pyynt\u00f6 tulee l\u00e4hett\u00e4\u00e4 s\u00e4hk\u00f6postitse tai kirjallisesti rekisterinpit\u00e4j\u00e4lle.<br>Rekisterinpit\u00e4j\u00e4 voi pyyt\u00e4\u00e4 tarvittaessa pyynn\u00f6n esitt\u00e4j\u00e4\u00e4 todistamaan henkil\u00f6llisyytens\u00e4.<br>Rekisterinpit\u00e4j\u00e4 vastaa asiakkaalle EU:n tietosuoja-asetuksessa s\u00e4\u00e4detyss\u00e4 ajassa<br>(p\u00e4\u00e4s\u00e4\u00e4nt\u00f6isesti kuukauden kuluessa). Tietoja tarkastettaessa ja korjattaessa t\u00e4ytyy<br>noudattaa voimassa olevia lakeja ja asetuksia.<\/p>\n\n\n\n<h2 class=\"wp-block-heading\">Muut henkil\u00f6tietojen k\u00e4sittelyyn liittyv\u00e4t oikeudet<\/h2>\n\n\n\n<p><br>Rekisteriss\u00e4 olevalla henkil\u00f6ll\u00e4 on oikeus pyyt\u00e4\u00e4 h\u00e4nt\u00e4 koskevien henkil\u00f6tietojen<br>poistamiseen rekisterist\u00e4 (&#8221;oikeus tulla unohdetuksi&#8221;). Niin ik\u00e4\u00e4n rekister\u00f6idyill\u00e4 on muut<br>EU:n yleisen tietosuoja-asetuksen mukaiset oikeudet kuten henkil\u00f6tietojen k\u00e4sittelyn<br>rajoittaminen tietyiss\u00e4 tilanteissa. Pyynn\u00f6t tulee l\u00e4hett\u00e4\u00e4 s\u00e4hk\u00f6postitse tai kirjallisesti<br>rekisterinpit\u00e4j\u00e4lle. Rekisterinpit\u00e4j\u00e4 voi pyyt\u00e4\u00e4 tarvittaessa pyynn\u00f6n esitt\u00e4j\u00e4\u00e4 todistamaan<br>henkil\u00f6llisyytens\u00e4. Rekisterinpit\u00e4j\u00e4 vastaa asiakkaalle EU:n tietosuoja-asetuksessa<br>s\u00e4\u00e4detyss\u00e4 ajassa (p\u00e4\u00e4s\u00e4\u00e4nt\u00f6isesti kuukauden kuluessa). Tietoja mahdollisesti<br>poistettaessa t\u00e4ytyy noudattaa voimassa olevia lakeja ja asetuksia. Oikeutta tulla<br>unohdetuksi ei voida toteuttaa Rekister\u00f6idyn vaatimalla tavalla, jos tietoa k\u00e4sitell\u00e4\u00e4n<br>rekisterinpit\u00e4j\u00e4n lakis\u00e4\u00e4teisen velvollisuuden toteuttamiseksi ja tiedon s\u00e4ilytt\u00e4miselle on<br>siten lain mukaiset perusteet.<\/p>","protected":false},"excerpt":{"rendered":"<p>T\u00e4m\u00e4 on Hammasvahti Oy:n EU:n yleisen tietosuoja-asetuksen (GDPR) mukainenrekisteri- ja tietosuojaseloste. Laadittu 30.10.2023. Viimeisin muutos 25.9.2024. Rekisterinpit\u00e4j\u00e4 Hammasvahti Oy, Isokatu 32, 90100 Oulu Puhelin: 010 7399 111 (vastaanoton numero) Yhteystiedot Tietosuojavastaava Henna Saarenp\u00e4\u00e4tietosuojavastaava@hammasvahti.fi Voit halutessasi j\u00e4tt\u00e4\u00e4 yhteydenottopyynn\u00f6n vastaanoton puhelinnumeroon 010 73 99 111. Rekisterin nimi Hammasvahti Oy:n Potilasrekisteri Oikeusperuste ja henkil\u00f6tietojen k\u00e4sittelyn tarkoitus EU:n yleisen [&hellip;]<\/p>\n","protected":false},"author":1,"featured_media":0,"parent":0,"menu_order":0,"comment_status":"closed","ping_status":"closed","template":"","meta":{"ocean_post_layout":"","ocean_both_sidebars_style":"","ocean_both_sidebars_content_width":0,"ocean_both_sidebars_sidebars_width":0,"ocean_sidebar":"","ocean_second_sidebar":"","ocean_disable_margins":"enable","ocean_add_body_class":"","ocean_shortcode_before_top_bar":"","ocean_shortcode_after_top_bar":"","ocean_shortcode_before_header":"","ocean_shortcode_after_header":"","ocean_has_shortcode":"","ocean_shortcode_after_title":"","ocean_shortcode_before_footer_widgets":"","ocean_shortcode_after_footer_widgets":"","ocean_shortcode_before_footer_bottom":"","ocean_shortcode_after_footer_bottom":"","ocean_display_top_bar":"default","ocean_display_header":"default","ocean_header_style":"","ocean_center_header_left_menu":"","ocean_custom_header_template":"","ocean_custom_logo":0,"ocean_custom_retina_logo":0,"ocean_custom_logo_max_width":0,"ocean_custom_logo_tablet_max_width":0,"ocean_custom_logo_mobile_max_width":0,"ocean_custom_logo_max_height":0,"ocean_custom_logo_tablet_max_height":0,"ocean_custom_logo_mobile_max_height":0,"ocean_header_custom_menu":"","ocean_menu_typo_font_family":"","ocean_menu_typo_font_subset":"","ocean_menu_typo_font_size":0,"ocean_menu_typo_font_size_tablet":0,"ocean_menu_typo_font_size_mobile":0,"ocean_menu_typo_font_size_unit":"px","ocean_menu_typo_font_weight":"","ocean_menu_typo_font_weight_tablet":"","ocean_menu_typo_font_weight_mobile":"","ocean_menu_typo_transform":"","ocean_menu_typo_transform_tablet":"","ocean_menu_typo_transform_mobile":"","ocean_menu_typo_line_height":0,"ocean_menu_typo_line_height_tablet":0,"ocean_menu_typo_line_height_mobile":0,"ocean_menu_typo_line_height_unit":"","ocean_menu_typo_spacing":0,"ocean_menu_typo_spacing_tablet":0,"ocean_menu_typo_spacing_mobile":0,"ocean_menu_typo_spacing_unit":"","ocean_menu_link_color":"","ocean_menu_link_color_hover":"","ocean_menu_link_color_active":"","ocean_menu_link_background":"","ocean_menu_link_hover_background":"","ocean_menu_link_active_background":"","ocean_menu_social_links_bg":"","ocean_menu_social_hover_links_bg":"","ocean_menu_social_links_color":"","ocean_menu_social_hover_links_color":"","ocean_disable_title":"enable","ocean_disable_heading":"default","ocean_post_title":"","ocean_post_subheading":"","ocean_post_title_style":"","ocean_post_title_background_color":"","ocean_post_title_background":0,"ocean_post_title_bg_image_position":"","ocean_post_title_bg_image_attachment":"","ocean_post_title_bg_image_repeat":"","ocean_post_title_bg_image_size":"","ocean_post_title_height":0,"ocean_post_title_bg_overlay":0.5,"ocean_post_title_bg_overlay_color":"","ocean_disable_breadcrumbs":"default","ocean_breadcrumbs_color":"","ocean_breadcrumbs_separator_color":"","ocean_breadcrumbs_links_color":"","ocean_breadcrumbs_links_hover_color":"","ocean_display_footer_widgets":"default","ocean_display_footer_bottom":"default","ocean_custom_footer_template":"","_joinchat":[],"footnotes":""},"class_list":["post-263","page","type-page","status-publish","hentry","entry"],"aioseo_notices":[],"_links":{"self":[{"href":"http:\/\/hammasvahti.fi\/en\/wp-json\/wp\/v2\/pages\/263","targetHints":{"allow":["GET"]}}],"collection":[{"href":"http:\/\/hammasvahti.fi\/en\/wp-json\/wp\/v2\/pages"}],"about":[{"href":"http:\/\/hammasvahti.fi\/en\/wp-json\/wp\/v2\/types\/page"}],"author":[{"embeddable":true,"href":"http:\/\/hammasvahti.fi\/en\/wp-json\/wp\/v2\/users\/1"}],"replies":[{"embeddable":true,"href":"http:\/\/hammasvahti.fi\/en\/wp-json\/wp\/v2\/comments?post=263"}],"version-history":[{"count":6,"href":"http:\/\/hammasvahti.fi\/en\/wp-json\/wp\/v2\/pages\/263\/revisions"}],"predecessor-version":[{"id":1664,"href":"http:\/\/hammasvahti.fi\/en\/wp-json\/wp\/v2\/pages\/263\/revisions\/1664"}],"wp:attachment":[{"href":"http:\/\/hammasvahti.fi\/en\/wp-json\/wp\/v2\/media?parent=263"}],"curies":[{"name":"wp","href":"https:\/\/api.w.org\/{rel}","templated":true}]}}